{"id":2251,"date":"2020-03-24T19:43:45","date_gmt":"2020-03-24T18:43:45","guid":{"rendered":"https:\/\/weingut-rings.de\/?page_id=2251"},"modified":"2024-02-28T17:08:55","modified_gmt":"2024-02-28T16:08:55","slug":"terms-conditions","status":"publish","type":"page","link":"https:\/\/weingut-rings.de\/en\/terms-conditions\/","title":{"rendered":"Terms and conditions"},"content":{"rendered":"\n<h6 class=\"has-text-align-center is-style-font-family-sans-serif wp-block-heading\">Allgemeines<\/h6>\n\n\n\n<p>Die nachfolgenden Gesch\u00e4ftsbedingungen richten sich nur an Endverbraucher.&nbsp;<\/p>\n\n\n\n<p>Sie sind in deutscher Sprache verfasst und k\u00f6nnen von dem Kunden heruntergeladen und gespeichert oder ausgedruckt werden. Auf Wunsch k\u00f6nnen sie unter der Faxnummer 06353 915146 bzw. unter <a href=\"mailto:info@weingut-rings.de\">info@weingut-rings.de<\/a>&nbsp; in digitaler oder schriftlicher Form angefordert werden.&nbsp;<\/p>\n\n\n\n<p>Wir nehmen nicht an einem Streitbeilegungsverfahren vor einer Verbraucherschlichtungsstelle teil.<\/p>\n\n\n\n<p>Alle Lieferungen, Leistungen und Angebote von Weingut Rings GbR, Freinsheim erfolgen ausschlie\u00dflich aufgrund dieser AGB. Abweichende Bedingungen des Abnehmers, die nicht ausdr\u00fccklich anerkannt wurden, sind unverbindlich.<\/p>\n\n\n\n<div style=\"height: 4.1666666666667rem\" aria-hidden=\"true\" class=\"wp-block-spacer\"><\/div>\n\n\n\n<h6 class=\"has-text-align-center is-style-font-family-sans-serif wp-block-heading\">Vertragsschluss und Vertragstext&nbsp;<\/h6>\n\n\n\n<p>Die Website von Weingut Rings enth\u00e4lt keine verbindlichen Angebote. Sie l\u00e4dt Sie vielmehr ein, Ihrerseits mit der Bestellung ein verbindliches Angebot abzugeben. Auf die Bestellung erhalten Sie eine Eingangsbest\u00e4tigung per E-Mail. Sie sind ab Bestellung 5 Werktage an Ihr Angebot gebunden, sofern Sie Ihre Bestellung nicht in dieser Zeit widerrufen haben.<\/p>\n\n\n\n<p>Der Vertrag kommt erst zustande, wenn wir die Annahme Ihrer Bestellung entweder ausdr\u00fccklich erkl\u00e4ren, die Ware an Sie absenden oder Sie zur Zahlung auffordern &#8211; je nachdem, was zuerst eintritt.<\/p>\n\n\n\n<p>Den Vertragstext speichern wir nicht.<\/p>\n\n\n\n<div style=\"height: 1.25rem\" aria-hidden=\"true\" class=\"wp-block-spacer\"><\/div>\n\n\n\n<h6 class=\"has-text-align-center is-style-font-family-sans-serif wp-block-heading\">Zahlungsbedingungen<\/h6>\n\n\n\n<p>Es gilt die zum Zeitpunkt der Bestellung aktuelle Preisliste. Mit Erscheinen der jeweils neuen Preisliste verliert die vorherige ihre G\u00fcltigkeit. Die Preise verstehen sich ab Weingut in EURO inklusive der bei der Bestellung geltenden gesetzlichen Mehrwertsteuer gegebenenfalls zuz\u00fcglich Versandkosten. Die Abgabe gem\u00e4\u00df \u00a7 16 Stabilisierungsfond f\u00fcr deutschen Wein wurde von uns entrichtet. Die Preise f\u00fcr Schaumweine verstehen sich inkl. Schaumweinsteuer.<\/p>\n\n\n\n<p>Die Zahlung ist ohne Abzug f\u00e4llig bei Lieferung. Unberechtigt abgezogene Skontobetr\u00e4ge werden nicht anerkannt.<\/p>\n\n\n\n<p>An Neukunden und ins Ausland bzw. Kunden mit einer Rechnungsadresse im Ausland liefern wir nur nach Vorauskasse.<\/p>\n\n\n\n<div style=\"height: 1.25rem\" aria-hidden=\"true\" class=\"wp-block-spacer\"><\/div>\n\n\n\n<h6 class=\"has-text-align-center is-style-font-family-sans-serif wp-block-heading\" id=\"shipping-costs\">Liefer- und Versandbedingungen&nbsp;<\/h6>\n\n\n\n<p>Die Lieferzeit betr\u00e4gt bis zu 5 Werktagen.<\/p>\n\n\n\n<p>Die Preise gelten ab Weingut und schlie\u00dfen Versandverpackung, Verladung, Transport, Versicherungen und \u00e4hnliche Leistungen nicht ein.&nbsp;<\/p>\n\n\n\n<p>Wir versenden innerhalb Deutschlands 0,75L Flaschen in Kartons zu 1, 3, 6 und 12 Flaschen. Ab einem Rechnungsbetrag von 350,00 Euro  versenden wir versandkostenfrei. Darunter berechnen wir eine  Versandkostenpauschale von 9,00 Euro.                                                                                                                                                                                                                                                                                          <\/p>\n\n\n\n<p>Inselzuschlag sowie der Versand von Gro\u00dfflaschen bitten wir individuell mit uns zu vereinbaren.&nbsp;<\/p>\n\n\n\n<p>F\u00fcr Lieferungsw\u00fcnsche au\u00dferhalb Deutschlands bitten wir um vorherige Anfrage. Bei Zahlungen aus dem Ausland tr\u00e4gt der K\u00e4ufer alle zus\u00e4tzlichen Kosten, wie Bankspesen und \u00dcberweisungsgeb\u00fchren.<\/p>\n\n\n\n<p>Mit dem Abschicken der Weinanfrage ist der K\u00e4ufer damit einverstanden, dass die Verk\u00e4uferin bei Versendung der Ware durch DHL die E-Mail-Adresse des K\u00e4ufers an die DHL Vertriebs GmbH weitergibt, damit diese den K\u00e4ufer \u00fcber das voraussichtliche Zustellfenster seiner Sendung informieren kann. Der K\u00e4ufer kann der Weitergabe seiner E-Mail-Adresse jederzeit gegen\u00fcber der Verk\u00e4uferin widersprechen. Eine Benachrichtigung \u00fcber den Sendungsstatus ist dann allerdings nicht mehr m\u00f6glich. Der Widerspruch ist zu richten an <a href=\"mailto:info@weingut-rings.de\">info@weingut-rings.de<\/a> oder auch telefonisch unter 06353 2231.<\/p>\n\n\n\n<p>Abholung im Weingut:<\/p>\n\n\n\n<p>Als Selbstabholer erhalten Sie ab einem Warenwert von 350 Euro einen Rabatt von 5 %.&nbsp;<\/p>\n\n\n\n<h6 class=\"has-text-align-center is-style-font-family-sans-serif wp-block-heading\">Gefahr\u00fcbergang und Versand<\/h6>\n\n\n\n<p>Beim Kauf durch Verbraucher geht die Gefahr mit der \u00dcbergabe der Ware an den Empf\u00e4nger \u00fcber.<\/p>\n\n\n\n<div style=\"height: 1.25rem\" aria-hidden=\"true\" class=\"wp-block-spacer\"><\/div>\n\n\n\n<h6 class=\"has-text-align-center is-style-font-family-sans-serif wp-block-heading\">Eigentumsvorbehalt<\/h6>\n\n\n\n<p>Die Ware bleibt bis zur vollst\u00e4ndigen Bezahlung des Kaufpreises Eigentum von Weingut Rings. Dies gilt auch bei Weiterverkauf an Dritte \u2013 erweiterter Eigentumsvorbehalt.<\/p>\n\n\n\n<div style=\"height: 1.25rem\" aria-hidden=\"true\" class=\"wp-block-spacer\"><\/div>\n\n\n\n<h6 class=\"has-text-align-center is-style-font-family-sans-serif wp-block-heading\">Widerrufsbelehrung<\/h6>\n\n\n\n<p>Widerrufsrecht f\u00fcr Verbraucher<\/p>\n\n\n\n<p>Sie haben das Recht, binnen 14 Tagen ohne Angabe von Gr\u00fcnden diesen Vertrag zu widerrufen. Die Widerrufsfrist betr\u00e4gt 14 Tage ab dem Tag, an dem Sie oder ein von Ihnen benannter Dritter, der nicht der Bef\u00f6rderer ist, die Waren in Besitz genommen hat.<\/p>\n\n\n\n<p>Um Ihr Widerrufsrecht auszu\u00fcben, m\u00fcssen Sie uns<\/p>\n\n\n\n<p>WEINGUT RINGS GBR<br>\nInh. Steffen und Andreas Rings<br>\nD\u00fcrkheimer Hohl 21<br>\n67251 Freinsheim<\/p>\n\n\n\n<p>Telefon-Nr. 06353 2231<br>\nTelefax: 06353 915146<br>\nE-Mail: info@weingut-rings.de<\/p>\n\n\n\n<p>mittels einer eindeutigen Erkl\u00e4rung (z.B. ein mit der Post versandter Brief oder E-Mail) \u00fcber Ihren Entschluss, diesen Vertrag zu widerrufen, informieren. Sie k\u00f6nnen daf\u00fcr das beigef\u00fcgte Muster-Widerrufsformular verwenden, das jedoch nicht vorgeschrieben ist. Zur Wahrung der Widerrufsfrist reicht es aus, dass Sie die Mitteilung \u00fcber die Aus\u00fcbung des Widerrufsrechts vor Ablauf der Widerrufsfrist absenden.<\/p>\n\n\n\n<p>Folgen des Widerrufs<\/p>\n\n\n\n<p>Wenn Sie den Vertrag widerrufen, haben wir Ihnen alle Zahlungen, die wir von Ihnen erhalten haben, einschlie\u00dflich der Lieferkosten (mit Ausnahme der zus\u00e4tzlichen Kosten, die sich daraus ergeben, dass Sie eine andere Art der Lieferung als die von uns angebotene, g\u00fcnstigste Standardlieferung gew\u00e4hlt haben), unverz\u00fcglich und sp\u00e4testens binnen 14 Tagen ab dem Tag zur\u00fcckzuzahlen, an dem die Mitteilung \u00fcber Ihren Widerruf dieses Vertrags bei uns eingegangen ist. F\u00fcr diese R\u00fcckzahlung verwenden wir dasselbe Zahlungsmittel, das Sie bei der urspr\u00fcnglichen Transaktion eingesetzt haben, es sei denn, mit Ihnen wurde ausdr\u00fccklich etwas anderes vereinbart; in keinem Fall werden Ihnen wegen dieser R\u00fcckzahlung Entgelte berechnet.<\/p>\n\n\n\n<p>Wir k\u00f6nnen die R\u00fcckzahlung verweigern, bis wir die Waren wieder zur\u00fcckerhalten haben oder bis Sie den Nachweis erbracht haben, dass Sie die Waren zur\u00fcckgesandt haben, je nachdem, welches der fr\u00fchere Zeitpunkt ist. Dies gilt nicht, soweit wir zugesagt haben, dass die Waren bei Ihnen abgeholt werden.<\/p>\n\n\n\n<p>Sie haben die paketversandf\u00e4higen Waren unverz\u00fcglich und in jedem Fall sp\u00e4testens binnen 14 Tagen ab dem Tag, an dem Sie uns \u00fcber den Widerruf dieses Vertrags unterrichten, an uns zur\u00fcckzusenden oder zu \u00fcbergeben. Die Frist ist gewahrt, wenn Sie die Waren vor Ablauf der Frist von 14 Tagen absenden. Nicht paketversandf\u00e4hige Waren werden bei Ihnen abgeholt. Sie tragen die unmittelbaren Kosten der R\u00fccksendung und Abholung der Waren. Sie m\u00fcssen f\u00fcr einen etwaigen Wertverlust der Waren nur aufkommen, wenn dieser Wertverlust auf einen zur Pr\u00fcfung der Beschaffenheit, Eigenschaften und Funktionsweise der Waren nicht notwendigen Umgang mit Ihnen zur\u00fcckzuf\u00fchren ist.<\/p>\n\n\n\n<div style=\"height: 1.25rem\" aria-hidden=\"true\" class=\"wp-block-spacer\"><\/div>\n\n\n\n<h6 class=\"has-text-align-center is-style-font-family-sans-serif wp-block-heading\">Ende der Widerrufsbelehrung<\/h6>\n\n\n\n<p>Hinweis: Das Widerrufsrecht besteht nicht, wenn Sie in Aus\u00fcbung Ihrer gewerblichen oder selbst\u00e4ndigen beruflichen T\u00e4tigkeit gehandelt haben (Bestellungen durch Unternehmer).<\/p>\n\n\n\n<div style=\"height: 1.25rem\" aria-hidden=\"true\" class=\"wp-block-spacer\"><\/div>\n\n\n\n<h6 class=\"has-text-align-center is-style-font-family-sans-serif wp-block-heading\">M\u00e4ngelr\u00fcge und Gew\u00e4hrleistung&nbsp;<\/h6>\n\n\n\n<p>Bei berechtigten Beanstandungen erfolgt &#8211; gegen\u00fcber Unternehmern nach der Wahl von Weingut Rings &#8211; Nachbesserung oder Neulieferung. Schl\u00e4gt die Nachbesserung oder Neulieferung nach angemessener Frist zweimal fehl, kann der K\u00e4ufer vom Vertrag zur\u00fccktreten oder Minderung verlangen. Im \u00dcbrigen gilt das gesetzliche Gew\u00e4hrleistungsrecht.<\/p>\n\n\n\n<div style=\"height: 1.25rem\" aria-hidden=\"true\" class=\"wp-block-spacer\"><\/div>\n\n\n\n<h6 class=\"has-text-align-center is-style-font-family-sans-serif wp-block-heading\">Reklamationen<\/h6>\n\n\n\n<p>Korkreklamationen werden bei R\u00fccksendung bearbeitet, Auskristallisierungen von Weinstein sind naturbedingt und keine Qualit\u00e4tsminderung.<\/p>\n\n\n\n<div style=\"height: 1.25rem\" aria-hidden=\"true\" class=\"wp-block-spacer\"><\/div>\n\n\n\n<h6 class=\"has-text-align-center is-style-font-family-sans-serif wp-block-heading\">Allgemeine Haftungsbegrenzung<\/h6>\n\n\n\n<p>Schadensersatzanspr\u00fcche aus der Verletzung vertraglicher Nebenpflichten sind ausgeschlossen, soweit nicht vors\u00e4tzliches oder grob fahrl\u00e4ssiges Verhalten oder die Verletzung einer vertragswesentlichen Pflicht oder des K\u00f6rpers oder der Gesundheit eines Menschen vorliegt. Gleiches gilt, soweit der Ersatz von mittelbaren oder Mangelfolgesch\u00e4den verlangt wird. Jede Haftung ist in diesen F\u00e4llen auf den bei Vertragsschluss vorhersehbaren und f\u00fcr solche F\u00e4lle typischen Schaden begrenzt. Die Haftung nach dem ProdHG bleibt unber\u00fchrt.<\/p>\n\n\n\n<div style=\"height: 1.25rem\" aria-hidden=\"true\" class=\"wp-block-spacer\"><\/div>\n\n\n\n<h6 class=\"has-text-align-center is-style-font-family-sans-serif wp-block-heading\"><strong>Jugendschutz<\/strong><\/h6>\n\n\n\n<p>Entsprechend dem Jugendschutzgesetz liefern wir nur an Personen ab 18 Jahren.<\/p>\n\n\n\n<div style=\"height: 1.25rem\" aria-hidden=\"true\" class=\"wp-block-spacer\"><\/div>\n\n\n\n<h6 class=\"has-text-align-center is-style-font-family-sans-serif wp-block-heading\">Verpackungsverordnung<\/h6>\n\n\n\n<p>Wir sind  bei der Stiftung Zentrale Stelle Verpackungsregister LUCID DE1180588278527-V registriert und am dualen System der Firma EKO \u2013 Punkt GmbH unter der Kundennummer  2180002795 angeschlossen.<\/p>\n\n\n\n<div style=\"height: 1.25rem\" aria-hidden=\"true\" class=\"wp-block-spacer\"><\/div>\n\n\n\n<h6 class=\"has-text-align-center is-style-font-family-sans-serif wp-block-heading\">Salvatorische Klausel<\/h6>\n\n\n\n<p>Sollte eine Klausel dieser Bedingungen unwirksam sein, bleibt die Wirksamkeit der \u00fcbrigen Bedingungen unber\u00fchrt.<\/p>\n","protected":false},"excerpt":{"rendered":"<p>Allgemeines Die nachfolgenden Gesch\u00e4ftsbedingungen richten sich nur an Endverbraucher.&nbsp; Sie sind in deutscher Sprache verfasst und k\u00f6nnen von dem Kunden heruntergeladen und gespeichert oder ausgedruckt werden. Auf Wunsch k\u00f6nnen sie unter der Faxnummer 06353 915146 bzw. unter info@weingut-rings.de&nbsp; in digitaler oder schriftlicher Form angefordert werden.&nbsp; Wir nehmen nicht an einem Streitbeilegungsverfahren vor einer Verbraucherschlichtungsstelle teil. [&hellip;]<\/p>\n","protected":false},"author":1,"featured_media":0,"parent":0,"menu_order":0,"comment_status":"closed","ping_status":"closed","template":"template-terms-conditions.php","meta":{"footnotes":""},"yoast_head":"\n<title>Terms and conditions &#8211; Weingut Rings<\/title>\n<meta name=\"robots\" content=\"index, follow, max-snippet:-1, max-image-preview:large, max-video-preview:-1\" \/>\n<link rel=\"canonical\" href=\"https:\/\/weingut-rings.de\/agb\/\" \/>\n<meta property=\"og:locale\" content=\"en_US\" \/>\n<meta property=\"og:type\" content=\"article\" \/>\n<meta property=\"og:title\" content=\"Terms and conditions &#8211; Weingut Rings\" \/>\n<meta property=\"og:description\" content=\"Allgemeines Die nachfolgenden Gesch\u00e4ftsbedingungen richten sich nur an Endverbraucher.&nbsp; Sie sind in deutscher Sprache verfasst und k\u00f6nnen von dem Kunden heruntergeladen und gespeichert oder ausgedruckt werden. Auf Wunsch k\u00f6nnen sie unter der Faxnummer 06353 915146 bzw. unter info@weingut-rings.de&nbsp; in digitaler oder schriftlicher Form angefordert werden.&nbsp; Wir nehmen nicht an einem Streitbeilegungsverfahren vor einer Verbraucherschlichtungsstelle teil. [&hellip;]\" \/>\n<meta property=\"og:url\" content=\"https:\/\/weingut-rings.de\/agb\/\" \/>\n<meta property=\"og:site_name\" content=\"Weingut Rings\" \/>\n<meta property=\"article:publisher\" content=\"https:\/\/www.facebook.com\/Weingut.Rings\" \/>\n<meta property=\"article:modified_time\" content=\"2024-02-28T16:08:55+00:00\" \/>\n<meta name=\"twitter:card\" content=\"summary_large_image\" \/>\n<meta name=\"twitter:label1\" content=\"Est. reading time\" \/>\n\t<meta name=\"twitter:data1\" content=\"6 minutes\" \/>\n<script type=\"application\/ld+json\" class=\"yoast-schema-graph\">{\"@context\":\"https:\/\/schema.org\",\"@graph\":[{\"@type\":\"WebPage\",\"@id\":\"https:\/\/weingut-rings.de\/agb\/\",\"url\":\"https:\/\/weingut-rings.de\/agb\/\",\"name\":\"Terms and conditions &#8211; Weingut Rings\",\"isPartOf\":{\"@id\":\"https:\/\/weingut-rings.de\/#website\"},\"datePublished\":\"2020-03-24T18:43:45+00:00\",\"dateModified\":\"2024-02-28T16:08:55+00:00\",\"breadcrumb\":{\"@id\":\"https:\/\/weingut-rings.de\/agb\/#breadcrumb\"},\"inLanguage\":\"en-US\",\"potentialAction\":[{\"@type\":\"ReadAction\",\"target\":[\"https:\/\/weingut-rings.de\/agb\/\"]}]},{\"@type\":\"BreadcrumbList\",\"@id\":\"https:\/\/weingut-rings.de\/agb\/#breadcrumb\",\"itemListElement\":[{\"@type\":\"ListItem\",\"position\":1,\"name\":\"Startseite\",\"item\":\"https:\/\/weingut-rings.de\/\"},{\"@type\":\"ListItem\",\"position\":2,\"name\":\"Terms and conditions\"}]},{\"@type\":\"WebSite\",\"@id\":\"https:\/\/weingut-rings.de\/#website\",\"url\":\"https:\/\/weingut-rings.de\/\",\"name\":\"Weingut Rings\",\"description\":\"Das Weingut Rings, seit 2015 Mitglied im VDP, wird von den Br\u00fcdern Steffen und Andreas gef\u00fchrt. Im Fokus steht der herkunftsgepr\u00e4gte Ausbau trockener Wei\u00df- und Rotweine aus renommierten Einzellagen rund um Freinsheim, Kallstadt, Ungstein und dem Berntal.\",\"publisher\":{\"@id\":\"https:\/\/weingut-rings.de\/#organization\"},\"potentialAction\":[{\"@type\":\"SearchAction\",\"target\":{\"@type\":\"EntryPoint\",\"urlTemplate\":\"https:\/\/weingut-rings.de\/?s={search_term_string}\"},\"query-input\":\"required name=search_term_string\"}],\"inLanguage\":\"en-US\"},{\"@type\":\"Organization\",\"@id\":\"https:\/\/weingut-rings.de\/#organization\",\"name\":\"Weingut Rings\",\"url\":\"https:\/\/weingut-rings.de\/\",\"logo\":{\"@type\":\"ImageObject\",\"inLanguage\":\"en-US\",\"@id\":\"https:\/\/weingut-rings.de\/#\/schema\/logo\/image\/\",\"url\":\"https:\/\/weingut-rings.de\/wp-content\/uploads\/2019\/12\/logo.png\",\"contentUrl\":\"https:\/\/weingut-rings.de\/wp-content\/uploads\/2019\/12\/logo.png\",\"width\":2000,\"height\":2000,\"caption\":\"Weingut Rings\"},\"image\":{\"@id\":\"https:\/\/weingut-rings.de\/#\/schema\/logo\/image\/\"},\"sameAs\":[\"https:\/\/www.facebook.com\/Weingut.Rings\",\"https:\/\/www.instagram.com\/ringswein\/\"]}]}<\/script>\n","yoast_head_json":{"title":"Terms and conditions &#8211; Weingut Rings","robots":{"index":"index","follow":"follow","max-snippet":"max-snippet:-1","max-image-preview":"max-image-preview:large","max-video-preview":"max-video-preview:-1"},"canonical":"https:\/\/weingut-rings.de\/agb\/","og_locale":"en_US","og_type":"article","og_title":"Terms and conditions &#8211; Weingut Rings","og_description":"Allgemeines Die nachfolgenden Gesch\u00e4ftsbedingungen richten sich nur an Endverbraucher.&nbsp; Sie sind in deutscher Sprache verfasst und k\u00f6nnen von dem Kunden heruntergeladen und gespeichert oder ausgedruckt werden. Auf Wunsch k\u00f6nnen sie unter der Faxnummer 06353 915146 bzw. unter info@weingut-rings.de&nbsp; in digitaler oder schriftlicher Form angefordert werden.&nbsp; Wir nehmen nicht an einem Streitbeilegungsverfahren vor einer Verbraucherschlichtungsstelle teil. [&hellip;]","og_url":"https:\/\/weingut-rings.de\/agb\/","og_site_name":"Weingut Rings","article_publisher":"https:\/\/www.facebook.com\/Weingut.Rings","article_modified_time":"2024-02-28T16:08:55+00:00","twitter_card":"summary_large_image","twitter_misc":{"Est. reading time":"6 minutes"},"schema":{"@context":"https:\/\/schema.org","@graph":[{"@type":"WebPage","@id":"https:\/\/weingut-rings.de\/agb\/","url":"https:\/\/weingut-rings.de\/agb\/","name":"Terms and conditions &#8211; Weingut Rings","isPartOf":{"@id":"https:\/\/weingut-rings.de\/#website"},"datePublished":"2020-03-24T18:43:45+00:00","dateModified":"2024-02-28T16:08:55+00:00","breadcrumb":{"@id":"https:\/\/weingut-rings.de\/agb\/#breadcrumb"},"inLanguage":"en-US","potentialAction":[{"@type":"ReadAction","target":["https:\/\/weingut-rings.de\/agb\/"]}]},{"@type":"BreadcrumbList","@id":"https:\/\/weingut-rings.de\/agb\/#breadcrumb","itemListElement":[{"@type":"ListItem","position":1,"name":"Startseite","item":"https:\/\/weingut-rings.de\/"},{"@type":"ListItem","position":2,"name":"Terms and conditions"}]},{"@type":"WebSite","@id":"https:\/\/weingut-rings.de\/#website","url":"https:\/\/weingut-rings.de\/","name":"Weingut Rings","description":"Das Weingut Rings, seit 2015 Mitglied im VDP, wird von den Br\u00fcdern Steffen und Andreas gef\u00fchrt. Im Fokus steht der herkunftsgepr\u00e4gte Ausbau trockener Wei\u00df- und Rotweine aus renommierten Einzellagen rund um Freinsheim, Kallstadt, Ungstein und dem Berntal.","publisher":{"@id":"https:\/\/weingut-rings.de\/#organization"},"potentialAction":[{"@type":"SearchAction","target":{"@type":"EntryPoint","urlTemplate":"https:\/\/weingut-rings.de\/?s={search_term_string}"},"query-input":"required name=search_term_string"}],"inLanguage":"en-US"},{"@type":"Organization","@id":"https:\/\/weingut-rings.de\/#organization","name":"Weingut Rings","url":"https:\/\/weingut-rings.de\/","logo":{"@type":"ImageObject","inLanguage":"en-US","@id":"https:\/\/weingut-rings.de\/#\/schema\/logo\/image\/","url":"https:\/\/weingut-rings.de\/wp-content\/uploads\/2019\/12\/logo.png","contentUrl":"https:\/\/weingut-rings.de\/wp-content\/uploads\/2019\/12\/logo.png","width":2000,"height":2000,"caption":"Weingut Rings"},"image":{"@id":"https:\/\/weingut-rings.de\/#\/schema\/logo\/image\/"},"sameAs":["https:\/\/www.facebook.com\/Weingut.Rings","https:\/\/www.instagram.com\/ringswein\/"]}]}},"_links":{"self":[{"href":"https:\/\/weingut-rings.de\/en\/wp-json\/wp\/v2\/pages\/2251"}],"collection":[{"href":"https:\/\/weingut-rings.de\/en\/wp-json\/wp\/v2\/pages"}],"about":[{"href":"https:\/\/weingut-rings.de\/en\/wp-json\/wp\/v2\/types\/page"}],"author":[{"embeddable":true,"href":"https:\/\/weingut-rings.de\/en\/wp-json\/wp\/v2\/users\/1"}],"replies":[{"embeddable":true,"href":"https:\/\/weingut-rings.de\/en\/wp-json\/wp\/v2\/comments?post=2251"}],"version-history":[{"count":7,"href":"https:\/\/weingut-rings.de\/en\/wp-json\/wp\/v2\/pages\/2251\/revisions"}],"predecessor-version":[{"id":4705,"href":"https:\/\/weingut-rings.de\/en\/wp-json\/wp\/v2\/pages\/2251\/revisions\/4705"}],"wp:attachment":[{"href":"https:\/\/weingut-rings.de\/en\/wp-json\/wp\/v2\/media?parent=2251"}],"curies":[{"name":"wp","href":"https:\/\/api.w.org\/{rel}","templated":true}]}}