{"id":2258,"date":"2020-03-24T19:47:49","date_gmt":"2020-03-24T18:47:49","guid":{"rendered":"https:\/\/weingut-rings.de\/?page_id=2258"},"modified":"2023-10-10T10:37:45","modified_gmt":"2023-10-10T08:37:45","slug":"downloads","status":"publish","type":"page","link":"https:\/\/weingut-rings.de\/en\/downloads\/","title":{"rendered":"Downloads"},"content":{"rendered":"\n<p class=\"wp-block-file aligncenter\"><a href=\"https:\/\/weingut-rings.de\/download\/5053478148a345fc6440d360a7c3472114e7a350\" target=\"_blank\" class=\"\">Logopaket <span class=\"file-info\">(ZIP)<\/span><\/a><\/p>\n\n\n\n\n\n<p class=\"wp-block-file aligncenter\"><a href=\"https:\/\/weingut-rings.de\/download\/7da83eba75935034fc7a236603823a8b7c6774fa\" target=\"_blank\" class=\"\">\u00d6ko-Zertifikat <span class=\"file-info\">(PDF)<\/span><\/a><\/p>\n\n\n\n\n\n<p class=\"wp-block-file aligncenter\"><a href=\"https:\/\/weingut-rings.de\/download\/89c0b00889ee34633a5448446e5a56e7aea47223\" target=\"_blank\" class=\"\">Flaschenfotos <span class=\"file-info\">(ZIP)<\/span><\/a><\/p>\n\n\n\n\n\n<p class=\"has-text-align-center has-extra-large-font-size\"><a href=\"https:\/\/weingut-rings.de\/downloads\/expertisen-einzeln\/\">Expertisen einzeln<\/a><\/p>\n\n\n\n<p class=\"wp-block-file aligncenter\"><a href=\"https:\/\/weingut-rings.de\/download\/cf14339b64ccb0eba37255992c8a09be706fff88\" target=\"_blank\" class=\"\">Expertisen gesammelt <span class=\"file-info\">(PDF)<\/span><\/a><\/p>\n\n\n","protected":false},"excerpt":{"rendered":"<p>Expertisen einzeln<\/p>\n","protected":false},"author":1,"featured_media":0,"parent":0,"menu_order":0,"comment_status":"closed","ping_status":"closed","template":"template-downloads.php","meta":{"footnotes":""},"yoast_head":"\n<title>Downloads &#8211; Weingut Rings<\/title>\n<meta name=\"robots\" content=\"index, follow, max-snippet:-1, max-image-preview:large, max-video-preview:-1\" \/>\n<link rel=\"canonical\" href=\"https:\/\/weingut-rings.de\/downloads\/\" \/>\n<meta property=\"og:locale\" content=\"en_US\" \/>\n<meta property=\"og:type\" content=\"article\" \/>\n<meta property=\"og:title\" content=\"Downloads &#8211; Weingut Rings\" \/>\n<meta property=\"og:description\" content=\"Expertisen einzeln\" \/>\n<meta property=\"og:url\" content=\"https:\/\/weingut-rings.de\/downloads\/\" \/>\n<meta property=\"og:site_name\" content=\"Weingut Rings\" \/>\n<meta property=\"article:publisher\" content=\"https:\/\/www.facebook.com\/Weingut.Rings\" \/>\n<meta property=\"article:modified_time\" content=\"2023-10-10T08:37:45+00:00\" \/>\n<meta name=\"twitter:card\" content=\"summary_large_image\" \/>\n<script type=\"application\/ld+json\" class=\"yoast-schema-graph\">{\"@context\":\"https:\/\/schema.org\",\"@graph\":[{\"@type\":\"WebPage\",\"@id\":\"https:\/\/weingut-rings.de\/downloads\/\",\"url\":\"https:\/\/weingut-rings.de\/downloads\/\",\"name\":\"Downloads &#8211; Weingut Rings\",\"isPartOf\":{\"@id\":\"https:\/\/weingut-rings.de\/#website\"},\"datePublished\":\"2020-03-24T18:47:49+00:00\",\"dateModified\":\"2023-10-10T08:37:45+00:00\",\"breadcrumb\":{\"@id\":\"https:\/\/weingut-rings.de\/downloads\/#breadcrumb\"},\"inLanguage\":\"en-US\",\"potentialAction\":[{\"@type\":\"ReadAction\",\"target\":[\"https:\/\/weingut-rings.de\/downloads\/\"]}]},{\"@type\":\"BreadcrumbList\",\"@id\":\"https:\/\/weingut-rings.de\/downloads\/#breadcrumb\",\"itemListElement\":[{\"@type\":\"ListItem\",\"position\":1,\"name\":\"Startseite\",\"item\":\"https:\/\/weingut-rings.de\/\"},{\"@type\":\"ListItem\",\"position\":2,\"name\":\"Downloads\"}]},{\"@type\":\"WebSite\",\"@id\":\"https:\/\/weingut-rings.de\/#website\",\"url\":\"https:\/\/weingut-rings.de\/\",\"name\":\"Weingut Rings\",\"description\":\"Das Weingut Rings, seit 2015 Mitglied im VDP, wird von den Br\u00fcdern Steffen und Andreas gef\u00fchrt. Im Fokus steht der herkunftsgepr\u00e4gte Ausbau trockener Wei\u00df- und Rotweine aus renommierten Einzellagen rund um Freinsheim, Kallstadt, Ungstein und dem Berntal.\",\"publisher\":{\"@id\":\"https:\/\/weingut-rings.de\/#organization\"},\"potentialAction\":[{\"@type\":\"SearchAction\",\"target\":{\"@type\":\"EntryPoint\",\"urlTemplate\":\"https:\/\/weingut-rings.de\/?s={search_term_string}\"},\"query-input\":\"required name=search_term_string\"}],\"inLanguage\":\"en-US\"},{\"@type\":\"Organization\",\"@id\":\"https:\/\/weingut-rings.de\/#organization\",\"name\":\"Weingut Rings\",\"url\":\"https:\/\/weingut-rings.de\/\",\"logo\":{\"@type\":\"ImageObject\",\"inLanguage\":\"en-US\",\"@id\":\"https:\/\/weingut-rings.de\/#\/schema\/logo\/image\/\",\"url\":\"https:\/\/weingut-rings.de\/wp-content\/uploads\/2019\/12\/logo.png\",\"contentUrl\":\"https:\/\/weingut-rings.de\/wp-content\/uploads\/2019\/12\/logo.png\",\"width\":2000,\"height\":2000,\"caption\":\"Weingut Rings\"},\"image\":{\"@id\":\"https:\/\/weingut-rings.de\/#\/schema\/logo\/image\/\"},\"sameAs\":[\"https:\/\/www.facebook.com\/Weingut.Rings\",\"https:\/\/www.instagram.com\/ringswein\/\"]}]}<\/script>\n","yoast_head_json":{"title":"Downloads &#8211; Weingut Rings","robots":{"index":"index","follow":"follow","max-snippet":"max-snippet:-1","max-image-preview":"max-image-preview:large","max-video-preview":"max-video-preview:-1"},"canonical":"https:\/\/weingut-rings.de\/downloads\/","og_locale":"en_US","og_type":"article","og_title":"Downloads &#8211; Weingut Rings","og_description":"Expertisen einzeln","og_url":"https:\/\/weingut-rings.de\/downloads\/","og_site_name":"Weingut Rings","article_publisher":"https:\/\/www.facebook.com\/Weingut.Rings","article_modified_time":"2023-10-10T08:37:45+00:00","twitter_card":"summary_large_image","schema":{"@context":"https:\/\/schema.org","@graph":[{"@type":"WebPage","@id":"https:\/\/weingut-rings.de\/downloads\/","url":"https:\/\/weingut-rings.de\/downloads\/","name":"Downloads &#8211; Weingut Rings","isPartOf":{"@id":"https:\/\/weingut-rings.de\/#website"},"datePublished":"2020-03-24T18:47:49+00:00","dateModified":"2023-10-10T08:37:45+00:00","breadcrumb":{"@id":"https:\/\/weingut-rings.de\/downloads\/#breadcrumb"},"inLanguage":"en-US","potentialAction":[{"@type":"ReadAction","target":["https:\/\/weingut-rings.de\/downloads\/"]}]},{"@type":"BreadcrumbList","@id":"https:\/\/weingut-rings.de\/downloads\/#breadcrumb","itemListElement":[{"@type":"ListItem","position":1,"name":"Startseite","item":"https:\/\/weingut-rings.de\/"},{"@type":"ListItem","position":2,"name":"Downloads"}]},{"@type":"WebSite","@id":"https:\/\/weingut-rings.de\/#website","url":"https:\/\/weingut-rings.de\/","name":"Weingut Rings","description":"Das Weingut Rings, seit 2015 Mitglied im VDP, wird von den Br\u00fcdern Steffen und Andreas gef\u00fchrt. Im Fokus steht der herkunftsgepr\u00e4gte Ausbau trockener Wei\u00df- und Rotweine aus renommierten Einzellagen rund um Freinsheim, Kallstadt, Ungstein und dem Berntal.","publisher":{"@id":"https:\/\/weingut-rings.de\/#organization"},"potentialAction":[{"@type":"SearchAction","target":{"@type":"EntryPoint","urlTemplate":"https:\/\/weingut-rings.de\/?s={search_term_string}"},"query-input":"required name=search_term_string"}],"inLanguage":"en-US"},{"@type":"Organization","@id":"https:\/\/weingut-rings.de\/#organization","name":"Weingut Rings","url":"https:\/\/weingut-rings.de\/","logo":{"@type":"ImageObject","inLanguage":"en-US","@id":"https:\/\/weingut-rings.de\/#\/schema\/logo\/image\/","url":"https:\/\/weingut-rings.de\/wp-content\/uploads\/2019\/12\/logo.png","contentUrl":"https:\/\/weingut-rings.de\/wp-content\/uploads\/2019\/12\/logo.png","width":2000,"height":2000,"caption":"Weingut Rings"},"image":{"@id":"https:\/\/weingut-rings.de\/#\/schema\/logo\/image\/"},"sameAs":["https:\/\/www.facebook.com\/Weingut.Rings","https:\/\/www.instagram.com\/ringswein\/"]}]}},"_links":{"self":[{"href":"https:\/\/weingut-rings.de\/en\/wp-json\/wp\/v2\/pages\/2258"}],"collection":[{"href":"https:\/\/weingut-rings.de\/en\/wp-json\/wp\/v2\/pages"}],"about":[{"href":"https:\/\/weingut-rings.de\/en\/wp-json\/wp\/v2\/types\/page"}],"author":[{"embeddable":true,"href":"https:\/\/weingut-rings.de\/en\/wp-json\/wp\/v2\/users\/1"}],"replies":[{"embeddable":true,"href":"https:\/\/weingut-rings.de\/en\/wp-json\/wp\/v2\/comments?post=2258"}],"version-history":[{"count":6,"href":"https:\/\/weingut-rings.de\/en\/wp-json\/wp\/v2\/pages\/2258\/revisions"}],"predecessor-version":[{"id":4586,"href":"https:\/\/weingut-rings.de\/en\/wp-json\/wp\/v2\/pages\/2258\/revisions\/4586"}],"wp:attachment":[{"href":"https:\/\/weingut-rings.de\/en\/wp-json\/wp\/v2\/media?parent=2258"}],"curies":[{"name":"wp","href":"https:\/\/api.w.org\/{rel}","templated":true}]}}