{"id":2264,"date":"2020-03-24T19:50:01","date_gmt":"2020-03-24T18:50:01","guid":{"rendered":"https:\/\/weingut-rings.de\/?page_id=2264"},"modified":"2025-02-04T09:48:15","modified_gmt":"2025-02-04T08:48:15","slug":"contact","status":"publish","type":"page","link":"https:\/\/weingut-rings.de\/en\/contact\/","title":{"rendered":"Contact"},"content":{"rendered":"\n<h4 class=\"wp-block-heading has-text-align-center is-style-font-family-sans-serif\">GG Reservation<\/h4>\n\n\n\n<h3 class=\"wp-block-heading alignwide has-text-align-center is-style-default\">We offer our single-vineyard wines, i.e. Rieslings and Pinot Noirs from VDP.Erste Lagen and VDP.Grosse Lagen as well as <em>Das Kreuz<\/em>, for reservation every year in May. We will be happy to include you in our newsletter, which is published approximately 3 times a year, and will automatically send you the reservation offer in spring. Please send us your contact details by e-mail to <a href=\"mailto:info@weingut-rings.de\">info@weingut-rings.de <\/a><\/h3>\n\n\n\n<div style=\"height: 6.6666666666667rem\" aria-hidden=\"true\" class=\"wp-block-spacer\"><\/div>\n\n\n\n<h4 class=\"wp-block-heading has-text-align-center is-style-font-family-sans-serif\">tasting room location and hours<\/h4>\n\n\n\n<h4 class=\"wp-block-heading has-text-align-center is-style-default\"><br>Weingut Rings<br>Am Gottesacker 10<br>67251 Freinsheim<br>t +49(0)6353 \u20132231<br><a href=\"mailto:info@weingut-rings.de\">info@weingut-rings.de<\/a><\/h4>\n\n\n\n<div class=\"wp-block-group alignwide is-layout-flow wp-block-group-is-layout-flow\"><div class=\"wp-block-group__inner-container\">\n<h3 class=\"wp-block-heading has-text-align-center\">Would you like to visit us? <br>Our winery is open for tastings and wine pickups during opening hours below. Groups of 6 people or more are requested to book in advance. All available wines can be tasted free of charge in conjunction with a wine purchase. We ask for your understanding that we charge 15 euros per person for tastings without wine purchase.<\/h3>\n\n\n\n<p><\/p>\n<\/div><\/div>\n\n\n\n<h3 class=\"wp-block-heading has-text-align-center is-style-default\">Opening hours:<br>Monday \u2013 Friday<br>1:00 p.m.  \u2013  5 p.m <br>Saturday  10:00 a.m. to 5:00 p.m. <br>We are closed on Sundays and public holidays.<\/h3>\n\n\n\n<p><\/p>\n\n\n\n<div class=\"wp-block-group alignwide is-layout-flow wp-block-group-is-layout-flow\"><div class=\"wp-block-group__inner-container\"><\/div><\/div>\n\n\n\n<div class=\"wp-block-group alignwide is-layout-flow wp-block-group-is-layout-flow\"><div class=\"wp-block-group__inner-container\"><\/div><\/div>\n\n\n\n<div class=\"wp-block-group alignwide is-layout-flow wp-block-group-is-layout-flow\"><div class=\"wp-block-group__inner-container\"><\/div><\/div>\n\n\n\n<figure class=\"wp-block-image alignfull size-large\"><img loading=\"lazy\" decoding=\"async\" width=\"1024\" height=\"679\" src=\"https:\/\/weingut-rings.de\/wp-content\/uploads\/2020\/03\/weingut-rings-durst-7613-uns-schwarzweiss-1024x679.jpg\" alt=\"\" class=\"wp-image-1800\" srcset=\"https:\/\/weingut-rings.de\/wp-content\/uploads\/2020\/03\/weingut-rings-durst-7613-uns-schwarzweiss-1024x679.jpg 1024w, https:\/\/weingut-rings.de\/wp-content\/uploads\/2020\/03\/weingut-rings-durst-7613-uns-schwarzweiss-300x199.jpg 300w, https:\/\/weingut-rings.de\/wp-content\/uploads\/2020\/03\/weingut-rings-durst-7613-uns-schwarzweiss-768x509.jpg 768w, https:\/\/weingut-rings.de\/wp-content\/uploads\/2020\/03\/weingut-rings-durst-7613-uns-schwarzweiss-1536x1018.jpg 1536w, https:\/\/weingut-rings.de\/wp-content\/uploads\/2020\/03\/weingut-rings-durst-7613-uns-schwarzweiss-2048x1358.jpg 2048w\" sizes=\"(max-width: 1024px) 100vw, 1024px\" \/><\/figure>\n","protected":false},"excerpt":{"rendered":"<p>GG Reservation We offer our single-vineyard wines, i.e. Rieslings and Pinot Noirs from VDP.Erste Lagen and VDP.Grosse Lagen as well as Das Kreuz, for reservation every year in May. We will be happy to include you in our newsletter, which is published approximately 3 times a year, and will automatically send you the reservation offer [&hellip;]<\/p>\n","protected":false},"author":1,"featured_media":0,"parent":0,"menu_order":0,"comment_status":"closed","ping_status":"closed","template":"","meta":{"footnotes":""},"yoast_head":"\n<title>Contact &#8211; Weingut Rings<\/title>\n<meta name=\"robots\" content=\"index, follow, max-snippet:-1, max-image-preview:large, max-video-preview:-1\" \/>\n<link rel=\"canonical\" href=\"https:\/\/weingut-rings.de\/en\/contact\/\" \/>\n<meta property=\"og:locale\" content=\"en_US\" \/>\n<meta property=\"og:type\" content=\"article\" \/>\n<meta property=\"og:title\" content=\"Contact &#8211; Weingut Rings\" \/>\n<meta property=\"og:description\" content=\"GG Reservation We offer our single-vineyard wines, i.e. Rieslings and Pinot Noirs from VDP.Erste Lagen and VDP.Grosse Lagen as well as Das Kreuz, for reservation every year in May. We will be happy to include you in our newsletter, which is published approximately 3 times a year, and will automatically send you the reservation offer [&hellip;]\" \/>\n<meta property=\"og:url\" content=\"https:\/\/weingut-rings.de\/en\/contact\/\" \/>\n<meta property=\"og:site_name\" content=\"Weingut Rings\" \/>\n<meta property=\"article:publisher\" content=\"https:\/\/www.facebook.com\/Weingut.Rings\" \/>\n<meta property=\"article:modified_time\" content=\"2025-02-04T08:48:15+00:00\" \/>\n<meta property=\"og:image\" content=\"https:\/\/weingut-rings.de\/wp-content\/uploads\/2020\/03\/weingut-rings-durst-7613-uns-schwarzweiss-1024x679.jpg\" \/>\n<meta name=\"twitter:card\" content=\"summary_large_image\" \/>\n<meta name=\"twitter:label1\" content=\"Est. reading time\" \/>\n\t<meta name=\"twitter:data1\" content=\"2 minutes\" \/>\n<script type=\"application\/ld+json\" class=\"yoast-schema-graph\">{\"@context\":\"https:\/\/schema.org\",\"@graph\":[{\"@type\":\"WebPage\",\"@id\":\"https:\/\/weingut-rings.de\/en\/contact\/\",\"url\":\"https:\/\/weingut-rings.de\/en\/contact\/\",\"name\":\"Contact &#8211; Weingut Rings\",\"isPartOf\":{\"@id\":\"https:\/\/weingut-rings.de\/#website\"},\"datePublished\":\"2020-03-24T18:50:01+00:00\",\"dateModified\":\"2025-02-04T08:48:15+00:00\",\"breadcrumb\":{\"@id\":\"https:\/\/weingut-rings.de\/en\/contact\/#breadcrumb\"},\"inLanguage\":\"en-US\",\"potentialAction\":[{\"@type\":\"ReadAction\",\"target\":[\"https:\/\/weingut-rings.de\/en\/contact\/\"]}]},{\"@type\":\"BreadcrumbList\",\"@id\":\"https:\/\/weingut-rings.de\/en\/contact\/#breadcrumb\",\"itemListElement\":[{\"@type\":\"ListItem\",\"position\":1,\"name\":\"Startseite\",\"item\":\"https:\/\/weingut-rings.de\/\"},{\"@type\":\"ListItem\",\"position\":2,\"name\":\"Contact\"}]},{\"@type\":\"WebSite\",\"@id\":\"https:\/\/weingut-rings.de\/#website\",\"url\":\"https:\/\/weingut-rings.de\/\",\"name\":\"Weingut Rings\",\"description\":\"Das Weingut Rings, seit 2015 Mitglied im VDP, wird von den Br\u00fcdern Steffen und Andreas gef\u00fchrt. Im Fokus steht der herkunftsgepr\u00e4gte Ausbau trockener Wei\u00df- und Rotweine aus renommierten Einzellagen rund um Freinsheim, Kallstadt, Ungstein und dem Berntal.\",\"publisher\":{\"@id\":\"https:\/\/weingut-rings.de\/#organization\"},\"potentialAction\":[{\"@type\":\"SearchAction\",\"target\":{\"@type\":\"EntryPoint\",\"urlTemplate\":\"https:\/\/weingut-rings.de\/?s={search_term_string}\"},\"query-input\":\"required name=search_term_string\"}],\"inLanguage\":\"en-US\"},{\"@type\":\"Organization\",\"@id\":\"https:\/\/weingut-rings.de\/#organization\",\"name\":\"Weingut Rings\",\"url\":\"https:\/\/weingut-rings.de\/\",\"logo\":{\"@type\":\"ImageObject\",\"inLanguage\":\"en-US\",\"@id\":\"https:\/\/weingut-rings.de\/#\/schema\/logo\/image\/\",\"url\":\"https:\/\/weingut-rings.de\/wp-content\/uploads\/2019\/12\/logo.png\",\"contentUrl\":\"https:\/\/weingut-rings.de\/wp-content\/uploads\/2019\/12\/logo.png\",\"width\":2000,\"height\":2000,\"caption\":\"Weingut Rings\"},\"image\":{\"@id\":\"https:\/\/weingut-rings.de\/#\/schema\/logo\/image\/\"},\"sameAs\":[\"https:\/\/www.facebook.com\/Weingut.Rings\",\"https:\/\/www.instagram.com\/ringswein\/\"]}]}<\/script>\n","yoast_head_json":{"title":"Contact &#8211; Weingut Rings","robots":{"index":"index","follow":"follow","max-snippet":"max-snippet:-1","max-image-preview":"max-image-preview:large","max-video-preview":"max-video-preview:-1"},"canonical":"https:\/\/weingut-rings.de\/en\/contact\/","og_locale":"en_US","og_type":"article","og_title":"Contact &#8211; Weingut Rings","og_description":"GG Reservation We offer our single-vineyard wines, i.e. Rieslings and Pinot Noirs from VDP.Erste Lagen and VDP.Grosse Lagen as well as Das Kreuz, for reservation every year in May. We will be happy to include you in our newsletter, which is published approximately 3 times a year, and will automatically send you the reservation offer [&hellip;]","og_url":"https:\/\/weingut-rings.de\/en\/contact\/","og_site_name":"Weingut Rings","article_publisher":"https:\/\/www.facebook.com\/Weingut.Rings","article_modified_time":"2025-02-04T08:48:15+00:00","og_image":[{"url":"https:\/\/weingut-rings.de\/wp-content\/uploads\/2020\/03\/weingut-rings-durst-7613-uns-schwarzweiss-1024x679.jpg"}],"twitter_card":"summary_large_image","twitter_misc":{"Est. reading time":"2 minutes"},"schema":{"@context":"https:\/\/schema.org","@graph":[{"@type":"WebPage","@id":"https:\/\/weingut-rings.de\/en\/contact\/","url":"https:\/\/weingut-rings.de\/en\/contact\/","name":"Contact &#8211; Weingut Rings","isPartOf":{"@id":"https:\/\/weingut-rings.de\/#website"},"datePublished":"2020-03-24T18:50:01+00:00","dateModified":"2025-02-04T08:48:15+00:00","breadcrumb":{"@id":"https:\/\/weingut-rings.de\/en\/contact\/#breadcrumb"},"inLanguage":"en-US","potentialAction":[{"@type":"ReadAction","target":["https:\/\/weingut-rings.de\/en\/contact\/"]}]},{"@type":"BreadcrumbList","@id":"https:\/\/weingut-rings.de\/en\/contact\/#breadcrumb","itemListElement":[{"@type":"ListItem","position":1,"name":"Startseite","item":"https:\/\/weingut-rings.de\/"},{"@type":"ListItem","position":2,"name":"Contact"}]},{"@type":"WebSite","@id":"https:\/\/weingut-rings.de\/#website","url":"https:\/\/weingut-rings.de\/","name":"Weingut Rings","description":"Das Weingut Rings, seit 2015 Mitglied im VDP, wird von den Br\u00fcdern Steffen und Andreas gef\u00fchrt. Im Fokus steht der herkunftsgepr\u00e4gte Ausbau trockener Wei\u00df- und Rotweine aus renommierten Einzellagen rund um Freinsheim, Kallstadt, Ungstein und dem Berntal.","publisher":{"@id":"https:\/\/weingut-rings.de\/#organization"},"potentialAction":[{"@type":"SearchAction","target":{"@type":"EntryPoint","urlTemplate":"https:\/\/weingut-rings.de\/?s={search_term_string}"},"query-input":"required name=search_term_string"}],"inLanguage":"en-US"},{"@type":"Organization","@id":"https:\/\/weingut-rings.de\/#organization","name":"Weingut Rings","url":"https:\/\/weingut-rings.de\/","logo":{"@type":"ImageObject","inLanguage":"en-US","@id":"https:\/\/weingut-rings.de\/#\/schema\/logo\/image\/","url":"https:\/\/weingut-rings.de\/wp-content\/uploads\/2019\/12\/logo.png","contentUrl":"https:\/\/weingut-rings.de\/wp-content\/uploads\/2019\/12\/logo.png","width":2000,"height":2000,"caption":"Weingut Rings"},"image":{"@id":"https:\/\/weingut-rings.de\/#\/schema\/logo\/image\/"},"sameAs":["https:\/\/www.facebook.com\/Weingut.Rings","https:\/\/www.instagram.com\/ringswein\/"]}]}},"_links":{"self":[{"href":"https:\/\/weingut-rings.de\/en\/wp-json\/wp\/v2\/pages\/2264"}],"collection":[{"href":"https:\/\/weingut-rings.de\/en\/wp-json\/wp\/v2\/pages"}],"about":[{"href":"https:\/\/weingut-rings.de\/en\/wp-json\/wp\/v2\/types\/page"}],"author":[{"embeddable":true,"href":"https:\/\/weingut-rings.de\/en\/wp-json\/wp\/v2\/users\/1"}],"replies":[{"embeddable":true,"href":"https:\/\/weingut-rings.de\/en\/wp-json\/wp\/v2\/comments?post=2264"}],"version-history":[{"count":24,"href":"https:\/\/weingut-rings.de\/en\/wp-json\/wp\/v2\/pages\/2264\/revisions"}],"predecessor-version":[{"id":5360,"href":"https:\/\/weingut-rings.de\/en\/wp-json\/wp\/v2\/pages\/2264\/revisions\/5360"}],"wp:attachment":[{"href":"https:\/\/weingut-rings.de\/en\/wp-json\/wp\/v2\/media?parent=2264"}],"curies":[{"name":"wp","href":"https:\/\/api.w.org\/{rel}","templated":true}]}}