{"id":2270,"date":"2020-03-24T19:52:22","date_gmt":"2020-03-24T18:52:22","guid":{"rendered":"https:\/\/weingut-rings.de\/?page_id=2270"},"modified":"2026-03-12T11:02:23","modified_gmt":"2026-03-12T10:02:23","slug":"imprint","status":"publish","type":"page","link":"https:\/\/weingut-rings.de\/en\/imprint\/","title":{"rendered":"Imprint"},"content":{"rendered":"\n<p class=\"has-text-align-center\">F\u00fcr diese Seite verantwortlich<\/p>\n\n\n\n<p class=\"has-text-align-center\">Weingut Rings eGbR<br>Am Gottesacker 10<br>67251 Freinsheim<\/p>\n\n\n\n<p class=\"has-text-align-center\">Tel.: 06353\/2231<br>Fax.: 06353\/915164<br><a href=\"mailto:info@weingut-rings.de\">info@weingut-rings.de<\/a><\/p>\n\n\n\n<p class=\"has-text-align-center\">VAT-No. DE260936462<\/p>\n\n\n\n<p class=\"has-text-align-center\">\u00d6FFNUNGSZEITEN<br>Montag &#8211; Freitag: 13 &#8211; 17 Uhr<br>Samstag: 10 &#8211; 17 Uhr<br>Sonn- und feiertags bleibt unser Weingut geschlossen.<\/p>\n\n\n\n<p class=\"has-text-align-center\">AUFSICHTSBEH\u00d6RDE<br>Ministerium f\u00fcr Wirtschaft, Verkehr, Landwirtschaft und Weinbau<br>Stiftsstra\u00dfe 9<br>55116 Mainz<br>Telefon: 06131 16-0<br>E-Mail: <a href=\"javascript:linkTo_UnCryptMailto('ocknvq,rquvuvgnngBoyxny0tnr0fg');\">poststelle(at)mwvlw.rlp.de<\/a> <\/p>\n\n\n\n<p class=\"has-text-align-center\">KAMMER<br>Landwirtschaftskammer Rheinland-Pfalz<\/p>\n\n\n\n<p class=\"has-text-align-center\">Gesetzliche Grundlage<br>Weingesetz<\/p>\n\n\n\n<p class=\"has-text-align-center\">DISCLAMER<br>Trotz sorgf\u00e4ltiger inhaltlicher Kontrolle \u00fcbernehmen wir keine Haftung f\u00fcr die Inhalte externer Links. F\u00fcr den Inhalt der verlinkten Seiten sind ausschlie\u00dflich deren Betreiber verantwortlich.<\/p>\n\n\n\n<p class=\"has-text-align-center\">AGENTUR<br><a rel=\"noreferrer noopener\" href=\"https:\/\/magmadesignstudio.de\/\" target=\"_blank\">magma design studio<\/a>, Karlsruhe<\/p>\n\n\n\n<p class=\"has-text-align-center\">FOTOGRAFIE<br>Christian Ernst, Karlsruhe<br>Andreas Durst, Bockenheim<br>Melanie Hubach, Erpolzheim<\/p>\n\n\n\n<p class=\"has-text-align-center\">TEXT<br>Simone Rings, Freinsheim<\/p>\n\n\n\n<div style=\"height: 2.5rem\" aria-hidden=\"true\" class=\"wp-block-spacer\"><\/div>\n\n\n\n<p>Unser Unternehmen erh\u00e4lt im Rahmen des vom Ministerium f\u00fcr Wirtschaft, Verkehr, Landwirtschaft und Weinbau verwalteten rheinland-pf\u00e4lzischen Entwicklungsprogramms \u201eUmweltma\u00dfnahmen, L\u00e4ndliche Entwicklung, Landwirtschaft, Ern\u00e4hrung\u201c (EULLE) durch den Europ\u00e4ischen Landwirtschaftsfonds f\u00fcr die Entwicklung des l\u00e4ndlichen Raums (ELER) kofinanziert durch das Land und den Bund im Rahmen der Gemeinschaftsaufgabe \u201eVerbesserung der Agrarstruktur und des K\u00fcstenschutzes\u201c (GAK) eine F\u00f6rderung f\u00fcr seine Leistungen:<\/p>\n\n\n\n<div style=\"height: 0.83333333333333rem\" aria-hidden=\"true\" class=\"wp-block-spacer\"><\/div>\n\n\n\n<p class=\"has-text-align-center\">im \u00d6kologischen Landbau<br>in der\/n Agrar- und Klimama\u00dfnahme(n):<br>\u00f6kologische Wirtschaftsweise im Unternehmen<\/p>\n\n\n\n<figure class=\"wp-block-gallery has-nested-images columns-default is-cropped wp-block-gallery-1 is-layout-flex wp-block-gallery-is-layout-flex\">\n<figure class=\"wp-block-image size-large\"><img loading=\"lazy\" decoding=\"async\" width=\"1024\" height=\"683\" data-id=\"1192\" src=\"https:\/\/weingut-rings.de\/wp-content\/uploads\/2020\/02\/weingut-rings-bmel-logo-1-1024x683.png\" alt=\"\" class=\"wp-image-1192\" srcset=\"https:\/\/weingut-rings.de\/wp-content\/uploads\/2020\/02\/weingut-rings-bmel-logo-1-1024x683.png 1024w, https:\/\/weingut-rings.de\/wp-content\/uploads\/2020\/02\/weingut-rings-bmel-logo-1-300x200.png 300w, https:\/\/weingut-rings.de\/wp-content\/uploads\/2020\/02\/weingut-rings-bmel-logo-1-768x512.png 768w, https:\/\/weingut-rings.de\/wp-content\/uploads\/2020\/02\/weingut-rings-bmel-logo-1-1536x1024.png 1536w, https:\/\/weingut-rings.de\/wp-content\/uploads\/2020\/02\/weingut-rings-bmel-logo-1.png 1683w\" sizes=\"(max-width: 1024px) 100vw, 1024px\" \/><\/figure>\n\n\n\n<figure class=\"wp-block-image size-large\"><img loading=\"lazy\" decoding=\"async\" width=\"1024\" height=\"683\" data-id=\"1188\" src=\"https:\/\/weingut-rings.de\/wp-content\/uploads\/2020\/02\/weingut-rings-europa-logo-1024x683.png\" alt=\"\" class=\"wp-image-1188\" srcset=\"https:\/\/weingut-rings.de\/wp-content\/uploads\/2020\/02\/weingut-rings-europa-logo-1024x683.png 1024w, https:\/\/weingut-rings.de\/wp-content\/uploads\/2020\/02\/weingut-rings-europa-logo-300x200.png 300w, https:\/\/weingut-rings.de\/wp-content\/uploads\/2020\/02\/weingut-rings-europa-logo-768x512.png 768w, https:\/\/weingut-rings.de\/wp-content\/uploads\/2020\/02\/weingut-rings-europa-logo.png 1138w\" sizes=\"(max-width: 1024px) 100vw, 1024px\" \/><\/figure>\n\n\n\n<figure class=\"wp-block-image size-large\"><img loading=\"lazy\" decoding=\"async\" width=\"1024\" height=\"682\" data-id=\"1190\" src=\"https:\/\/weingut-rings.de\/wp-content\/uploads\/2020\/02\/weingut-rings-rheinlandpfalz-logo-1024x682.png\" alt=\"\" class=\"wp-image-1190\" srcset=\"https:\/\/weingut-rings.de\/wp-content\/uploads\/2020\/02\/weingut-rings-rheinlandpfalz-logo-1024x682.png 1024w, https:\/\/weingut-rings.de\/wp-content\/uploads\/2020\/02\/weingut-rings-rheinlandpfalz-logo-300x200.png 300w, https:\/\/weingut-rings.de\/wp-content\/uploads\/2020\/02\/weingut-rings-rheinlandpfalz-logo-768x511.png 768w, https:\/\/weingut-rings.de\/wp-content\/uploads\/2020\/02\/weingut-rings-rheinlandpfalz-logo.png 1269w\" sizes=\"(max-width: 1024px) 100vw, 1024px\" \/><\/figure>\n<\/figure>\n\n\n\n<div style=\"height: 0.83333333333333rem\" aria-hidden=\"true\" class=\"wp-block-spacer\"><\/div>\n\n\n\n<p class=\"has-text-align-left\">GOOGLE ANALYTICS<br>\nDiese Website benutzt Google Analytics, einen Webanalysedienst der Google Inc. (\u201eGoogle\u201c) Google Analytics verwendet sog. \u201eCookies\u201c, Textdateien, die auf Ihrem Computer gespeichert werden und die eine Analyse der Benutzung der Website durch Sie erm\u00f6glicht. Die durch den Cookie erzeugten Informationen \u00fcber Ihre Benutzung diese Website (einschlie\u00dflich Ihrer IP-Adresse) wird an einen Server von Google in den USA \u00fcbertragen und dort gespeichert. Google wird diese Informationen benutzen, um Ihre Nutzung der Website auszuwerten, um Reports \u00fcber die Websiteaktivit\u00e4ten f\u00fcr die Websitebetreiber zusammenzustellen und um weitere mit der Websitenutzung und der Internetnutzung verbundene Dienstleistungen zu erbringen. Auch wird Google diese Informationen gegebenenfalls an Dritte \u00fcbertragen, sofern dies gesetzlich vorgeschrieben oder soweit Dritte diese Daten im Auftrag von Google verarbeiten. Google wird in keinem Fall Ihre IP-Adresse mit anderen Daten der Google in Verbindung bringen. Sie k\u00f6nnen die Installation der Cookies durch eine entsprechende Einstellung Ihrer Browser Software verhindern; wir weisen Sie jedoch darauf hin, dass Sie in diesem Fall gegebenenfalls nicht s\u00e4mtliche Funktionen dieser Website voll umf\u00e4nglich nutzen k\u00f6nnen. Durch die Nutzung dieser Website erkl\u00e4ren Sie sich mit der Bearbeitung der \u00fcber Sie erhobenen Daten durch Google in der zuvor beschriebenen Art und Weise und zu dem zuvor benannten Zweck einverstanden.<\/p>\n","protected":false},"excerpt":{"rendered":"<p>F\u00fcr diese Seite verantwortlich Weingut Rings eGbRAm Gottesacker 1067251 Freinsheim Tel.: 06353\/2231Fax.: 06353\/915164 info@weingut-rings.de VAT-No. DE260936462 \u00d6FFNUNGSZEITENMontag &#8211; Freitag: 13 &#8211; 17 UhrSamstag: 10 &#8211; 17 UhrSonn- und feiertags bleibt unser Weingut geschlossen. AUFSICHTSBEH\u00d6RDE Ministerium f\u00fcr Wirtschaft, Verkehr, Landwirtschaft und WeinbauStiftsstra\u00dfe 955116 MainzTelefon: 06131 16-0E-Mail: poststelle(at)mwvlw.rlp.de KAMMERLandwirtschaftskammer Rheinland-Pfalz Gesetzliche Grundlage Weingesetz DISCLAMERTrotz sorgf\u00e4ltiger inhaltlicher Kontrolle [&hellip;]<\/p>\n","protected":false},"author":1,"featured_media":0,"parent":0,"menu_order":0,"comment_status":"closed","ping_status":"closed","template":"","meta":{"footnotes":""},"yoast_head":"\n<title>Imprint &#8211; Weingut Rings<\/title>\n<meta name=\"robots\" content=\"index, follow, max-snippet:-1, max-image-preview:large, max-video-preview:-1\" \/>\n<link rel=\"canonical\" href=\"https:\/\/weingut-rings.de\/en\/imprint\/\" \/>\n<meta property=\"og:locale\" content=\"en_US\" \/>\n<meta property=\"og:type\" content=\"article\" \/>\n<meta property=\"og:title\" content=\"Imprint &#8211; Weingut Rings\" \/>\n<meta property=\"og:description\" content=\"F\u00fcr diese Seite verantwortlich Weingut Rings eGbRAm Gottesacker 1067251 Freinsheim Tel.: 06353\/2231Fax.: 06353\/915164 info@weingut-rings.de VAT-No. DE260936462 \u00d6FFNUNGSZEITENMontag &#8211; Freitag: 13 &#8211; 17 UhrSamstag: 10 &#8211; 17 UhrSonn- und feiertags bleibt unser Weingut geschlossen. AUFSICHTSBEH\u00d6RDE Ministerium f\u00fcr Wirtschaft, Verkehr, Landwirtschaft und WeinbauStiftsstra\u00dfe 955116 MainzTelefon: 06131 16-0E-Mail: poststelle(at)mwvlw.rlp.de KAMMERLandwirtschaftskammer Rheinland-Pfalz Gesetzliche Grundlage Weingesetz DISCLAMERTrotz sorgf\u00e4ltiger inhaltlicher Kontrolle [&hellip;]\" \/>\n<meta property=\"og:url\" content=\"https:\/\/weingut-rings.de\/en\/imprint\/\" \/>\n<meta property=\"og:site_name\" content=\"Weingut Rings\" \/>\n<meta property=\"article:publisher\" content=\"https:\/\/www.facebook.com\/Weingut.Rings\" \/>\n<meta property=\"article:modified_time\" content=\"2026-03-12T10:02:23+00:00\" \/>\n<meta property=\"og:image\" content=\"https:\/\/weingut-rings.de\/wp-content\/uploads\/2020\/02\/weingut-rings-bmel-logo-1-1024x683.png\" \/>\n<meta name=\"twitter:card\" content=\"summary_large_image\" \/>\n<meta name=\"twitter:label1\" content=\"Est. reading time\" \/>\n\t<meta name=\"twitter:data1\" content=\"3 minutes\" \/>\n<script type=\"application\/ld+json\" class=\"yoast-schema-graph\">{\"@context\":\"https:\/\/schema.org\",\"@graph\":[{\"@type\":\"WebPage\",\"@id\":\"https:\/\/weingut-rings.de\/en\/imprint\/\",\"url\":\"https:\/\/weingut-rings.de\/en\/imprint\/\",\"name\":\"Imprint &#8211; Weingut Rings\",\"isPartOf\":{\"@id\":\"https:\/\/weingut-rings.de\/#website\"},\"datePublished\":\"2020-03-24T18:52:22+00:00\",\"dateModified\":\"2026-03-12T10:02:23+00:00\",\"breadcrumb\":{\"@id\":\"https:\/\/weingut-rings.de\/en\/imprint\/#breadcrumb\"},\"inLanguage\":\"en-US\",\"potentialAction\":[{\"@type\":\"ReadAction\",\"target\":[\"https:\/\/weingut-rings.de\/en\/imprint\/\"]}]},{\"@type\":\"BreadcrumbList\",\"@id\":\"https:\/\/weingut-rings.de\/en\/imprint\/#breadcrumb\",\"itemListElement\":[{\"@type\":\"ListItem\",\"position\":1,\"name\":\"Startseite\",\"item\":\"https:\/\/weingut-rings.de\/\"},{\"@type\":\"ListItem\",\"position\":2,\"name\":\"Imprint\"}]},{\"@type\":\"WebSite\",\"@id\":\"https:\/\/weingut-rings.de\/#website\",\"url\":\"https:\/\/weingut-rings.de\/\",\"name\":\"Weingut Rings\",\"description\":\"Das Weingut Rings, seit 2015 Mitglied im VDP, wird von den Br\u00fcdern Steffen und Andreas gef\u00fchrt. Im Fokus steht der herkunftsgepr\u00e4gte Ausbau trockener Wei\u00df- und Rotweine aus renommierten Einzellagen rund um Freinsheim, Kallstadt, Ungstein und dem Berntal.\",\"publisher\":{\"@id\":\"https:\/\/weingut-rings.de\/#organization\"},\"potentialAction\":[{\"@type\":\"SearchAction\",\"target\":{\"@type\":\"EntryPoint\",\"urlTemplate\":\"https:\/\/weingut-rings.de\/?s={search_term_string}\"},\"query-input\":\"required name=search_term_string\"}],\"inLanguage\":\"en-US\"},{\"@type\":\"Organization\",\"@id\":\"https:\/\/weingut-rings.de\/#organization\",\"name\":\"Weingut Rings\",\"url\":\"https:\/\/weingut-rings.de\/\",\"logo\":{\"@type\":\"ImageObject\",\"inLanguage\":\"en-US\",\"@id\":\"https:\/\/weingut-rings.de\/#\/schema\/logo\/image\/\",\"url\":\"https:\/\/weingut-rings.de\/wp-content\/uploads\/2019\/12\/logo.png\",\"contentUrl\":\"https:\/\/weingut-rings.de\/wp-content\/uploads\/2019\/12\/logo.png\",\"width\":2000,\"height\":2000,\"caption\":\"Weingut Rings\"},\"image\":{\"@id\":\"https:\/\/weingut-rings.de\/#\/schema\/logo\/image\/\"},\"sameAs\":[\"https:\/\/www.facebook.com\/Weingut.Rings\",\"https:\/\/www.instagram.com\/ringswein\/\"]}]}<\/script>\n","yoast_head_json":{"title":"Imprint &#8211; Weingut Rings","robots":{"index":"index","follow":"follow","max-snippet":"max-snippet:-1","max-image-preview":"max-image-preview:large","max-video-preview":"max-video-preview:-1"},"canonical":"https:\/\/weingut-rings.de\/en\/imprint\/","og_locale":"en_US","og_type":"article","og_title":"Imprint &#8211; Weingut Rings","og_description":"F\u00fcr diese Seite verantwortlich Weingut Rings eGbRAm Gottesacker 1067251 Freinsheim Tel.: 06353\/2231Fax.: 06353\/915164 info@weingut-rings.de VAT-No. DE260936462 \u00d6FFNUNGSZEITENMontag &#8211; Freitag: 13 &#8211; 17 UhrSamstag: 10 &#8211; 17 UhrSonn- und feiertags bleibt unser Weingut geschlossen. AUFSICHTSBEH\u00d6RDE Ministerium f\u00fcr Wirtschaft, Verkehr, Landwirtschaft und WeinbauStiftsstra\u00dfe 955116 MainzTelefon: 06131 16-0E-Mail: poststelle(at)mwvlw.rlp.de KAMMERLandwirtschaftskammer Rheinland-Pfalz Gesetzliche Grundlage Weingesetz DISCLAMERTrotz sorgf\u00e4ltiger inhaltlicher Kontrolle [&hellip;]","og_url":"https:\/\/weingut-rings.de\/en\/imprint\/","og_site_name":"Weingut Rings","article_publisher":"https:\/\/www.facebook.com\/Weingut.Rings","article_modified_time":"2026-03-12T10:02:23+00:00","og_image":[{"url":"https:\/\/weingut-rings.de\/wp-content\/uploads\/2020\/02\/weingut-rings-bmel-logo-1-1024x683.png"}],"twitter_card":"summary_large_image","twitter_misc":{"Est. reading time":"3 minutes"},"schema":{"@context":"https:\/\/schema.org","@graph":[{"@type":"WebPage","@id":"https:\/\/weingut-rings.de\/en\/imprint\/","url":"https:\/\/weingut-rings.de\/en\/imprint\/","name":"Imprint &#8211; Weingut Rings","isPartOf":{"@id":"https:\/\/weingut-rings.de\/#website"},"datePublished":"2020-03-24T18:52:22+00:00","dateModified":"2026-03-12T10:02:23+00:00","breadcrumb":{"@id":"https:\/\/weingut-rings.de\/en\/imprint\/#breadcrumb"},"inLanguage":"en-US","potentialAction":[{"@type":"ReadAction","target":["https:\/\/weingut-rings.de\/en\/imprint\/"]}]},{"@type":"BreadcrumbList","@id":"https:\/\/weingut-rings.de\/en\/imprint\/#breadcrumb","itemListElement":[{"@type":"ListItem","position":1,"name":"Startseite","item":"https:\/\/weingut-rings.de\/"},{"@type":"ListItem","position":2,"name":"Imprint"}]},{"@type":"WebSite","@id":"https:\/\/weingut-rings.de\/#website","url":"https:\/\/weingut-rings.de\/","name":"Weingut Rings","description":"Das Weingut Rings, seit 2015 Mitglied im VDP, wird von den Br\u00fcdern Steffen und Andreas gef\u00fchrt. Im Fokus steht der herkunftsgepr\u00e4gte Ausbau trockener Wei\u00df- und Rotweine aus renommierten Einzellagen rund um Freinsheim, Kallstadt, Ungstein und dem Berntal.","publisher":{"@id":"https:\/\/weingut-rings.de\/#organization"},"potentialAction":[{"@type":"SearchAction","target":{"@type":"EntryPoint","urlTemplate":"https:\/\/weingut-rings.de\/?s={search_term_string}"},"query-input":"required name=search_term_string"}],"inLanguage":"en-US"},{"@type":"Organization","@id":"https:\/\/weingut-rings.de\/#organization","name":"Weingut Rings","url":"https:\/\/weingut-rings.de\/","logo":{"@type":"ImageObject","inLanguage":"en-US","@id":"https:\/\/weingut-rings.de\/#\/schema\/logo\/image\/","url":"https:\/\/weingut-rings.de\/wp-content\/uploads\/2019\/12\/logo.png","contentUrl":"https:\/\/weingut-rings.de\/wp-content\/uploads\/2019\/12\/logo.png","width":2000,"height":2000,"caption":"Weingut Rings"},"image":{"@id":"https:\/\/weingut-rings.de\/#\/schema\/logo\/image\/"},"sameAs":["https:\/\/www.facebook.com\/Weingut.Rings","https:\/\/www.instagram.com\/ringswein\/"]}]}},"_links":{"self":[{"href":"https:\/\/weingut-rings.de\/en\/wp-json\/wp\/v2\/pages\/2270"}],"collection":[{"href":"https:\/\/weingut-rings.de\/en\/wp-json\/wp\/v2\/pages"}],"about":[{"href":"https:\/\/weingut-rings.de\/en\/wp-json\/wp\/v2\/types\/page"}],"author":[{"embeddable":true,"href":"https:\/\/weingut-rings.de\/en\/wp-json\/wp\/v2\/users\/1"}],"replies":[{"embeddable":true,"href":"https:\/\/weingut-rings.de\/en\/wp-json\/wp\/v2\/comments?post=2270"}],"version-history":[{"count":7,"href":"https:\/\/weingut-rings.de\/en\/wp-json\/wp\/v2\/pages\/2270\/revisions"}],"predecessor-version":[{"id":5704,"href":"https:\/\/weingut-rings.de\/en\/wp-json\/wp\/v2\/pages\/2270\/revisions\/5704"}],"wp:attachment":[{"href":"https:\/\/weingut-rings.de\/en\/wp-json\/wp\/v2\/media?parent=2270"}],"curies":[{"name":"wp","href":"https:\/\/api.w.org\/{rel}","templated":true}]}}