{"id":2280,"date":"2020-03-25T11:11:54","date_gmt":"2020-03-25T10:11:54","guid":{"rendered":"https:\/\/weingut-rings.de\/?page_id=2280"},"modified":"2026-03-11T16:31:49","modified_gmt":"2026-03-11T15:31:49","slug":"press","status":"publish","type":"page","link":"https:\/\/weingut-rings.de\/en\/press\/","title":{"rendered":"Press Reviews"},"content":{"rendered":"<p><\/p>\n\n\n<p><\/p>\n\n\n\n<h4 class=\"wp-block-heading is-style-font-family-sans-serif\">james suckling<br>(by stuart piggot \/ SEP 2025)  <\/h4>\n\n\n\n<p>JS 96 2023 Saumagen Sp\u00e4tburgunder GG <br>JS 96 2024 Saumagen Riesling GG<br>JS 95 2024 Kreid Riesling<br>JS 95 2023 Felsenberg Sp\u00e4tburgunder GG<br>JS 95 2023 Kalkofen Sp\u00e4tburgunder GG<\/p>\n\n\n\n<div style=\"height: 4.1666666666667rem\" aria-hidden=\"true\" class=\"wp-block-spacer\"><\/div>\n\n\n\n<h4 class=\"wp-block-heading is-style-font-family-sans-serif\">james suckling<br>(by stuart piggot \/ feb 2025)  <\/h4>\n\n\n\n<p>JS 96 2020 CALCAIRE blanc et noirs brut nature<\/p>\n\n\n\n<p>JS 95 2022 Felsenberg Sp\u00e4tburgunder GG<br>JS 95 2022 Saumagen Sp\u00e4tburgunder GG<br>JS 93 2023 Weilberg Riesling GG <br>JS 94 2023 Annaberg Riesling GG<br>JS 93 2023 Saumagen Riesling GG<\/p>\n\n\n\n<div style=\"height: 4.1666666666667rem\" aria-hidden=\"true\" class=\"wp-block-spacer\"><\/div>\n\n\n\n<p>The wineadvocate \u2013 robert parker<br>(by Stephan Reinhardt \/ December 2024)  <\/p>\n\n\n\n<p>RP 93+ 2023 Saumagen Riesling GG<br>RP 93 2023 Weilberg Riesling GG<br>RP 93 2023 Annaberg Riesling GG <br>RP 94 2022 Saumagen Sp\u00e4tburgunder GG<\/p>\n\n\n\n<div style=\"height: 4.1666666666667rem\" aria-hidden=\"true\" class=\"wp-block-spacer\"><\/div>\n\n\n\n<h4 class=\"wp-block-heading is-style-font-family-sans-serif\">The wineadvocate \u2013 robert parker<br>(by Stephan reinhardt \/ DEC 2023)  <\/h4>\n\n\n\n<p>\u201cWeingut Rings, one of the rising stars in Germany in recent  years&#8230;Riesling and Pinot Noir in particular, the two hobbyhorses of  the Steffen and Andreas Rings brothers&#8217; business with 70% of the  vineyard area, are impressive here and are among the best wines in the  Palatinate and also in Germany\u2026The 2022 Rieslings are just as  outstanding as the 2021 Pinot Noirs and are incredibly clear, precise,  very elegant and expressive and a fluid, tasty reflection of their  respective origins.\u201d<\/p>\n\n\n\n<p><br>RP 96  2022 Kreid Riesling <br>RP 96 2022 Saumagen Riesling GG<br>RP 94+ 2022 Annaberg Riesling GG <br>RP 94 2022 Weilberg Riesling GG <br>RP 94 2022 Kallstadter Steinacker Riesling 1G <br>RP 93+ 2022 Ungsteiner Nussriegel Riesling 1G <br>RP 92 2022 Kallstadt Riesling<br>RP 90 2022 Riesling  <\/p>\n\n\n\n<p>RP 96  2021 Felsenberg Sp\u00e4tburgunder GG <br>RP 95  2021 Saumagen Sp\u00e4tburgunder GG <br>RP 94+ 2021 Kallstadter Steinacker Sp\u00e4tburgunder 1G <br>RP 93 2021 Leistadter Kalkofen Sp\u00e4tburgunder  1G <br>RP 92 2021 Kallstadt  Sp\u00e4tburgunder <br>RP 89 2021  Sp\u00e4tburgunder   <\/p>\n\n\n\n<div style=\"height: 4.1666666666667rem\" aria-hidden=\"true\" class=\"wp-block-spacer\"><\/div>\n\n\n\n<h4 class=\"wp-block-heading is-style-font-family-sans-serif\">Julia Harding (For Jancis Robinson) <br>November 2022<\/h4>\n\n\n\n<p>&#8220;This is an absolute steal for anyone who loves elegant, aromatic Pinot Noir, or Sp\u00e4tburgunder, as it is known in Germany. It was one of a handful of such wines that stood out when I was tasting new releases in London in      September.&#8221;<\/p>\n\n\n\n<div style=\"height: 4.1666666666667rem\" aria-hidden=\"true\" class=\"wp-block-spacer\"><\/div>\n\n\n\n<h4 class=\"wp-block-heading is-style-font-family-sans-serif\">VINUM Wineguide 2023<br>4,5 Sterne<\/h4>\n\n\n\n<p>\u00abWeingut des Jahres\u00bb ist in dieser Ausgabe Rings (Freinsheim), das  keinen anderen Weg zu kennen  scheint als den der kontinuierlichen  Weiterentwicklung. Ob Rieslinge, wei\u00dfe wie rote Burgundersorten,<br>Syrah oder Cuv\u00e9es, hier bewegt sich alles auf einem Top-Niveau. F\u00fcr  viele Jungwinzer sind die beiden  Br\u00fcder Steffen und Andreas Rings  leuchtende Vorbilder&#8230;In den  bundesweiten Top Ten der Rieslinge haben  die Weing\u00fcter A. Christmann (Gimmeldingen) mit dem Idig und Rings  (Freinsheim) mit dem Kreid das Anbaugebiet w\u00fcrdig vertreten. <br><br><strong>TOP 10 des Jahres 2023:<\/strong><br>2021 Kreid Riesling&nbsp; 96P<br>2020 SAUMAGEN Sp\u00e4tburgunder GG 95P<br>2020 Syrah 93P&nbsp; &nbsp; &nbsp; &nbsp; &nbsp; &nbsp;&nbsp; <br>&nbsp; &nbsp; &nbsp; &nbsp; &nbsp; &nbsp; &nbsp; &nbsp; &nbsp; &nbsp; &nbsp; &nbsp; &nbsp; &nbsp; &nbsp; &nbsp; &nbsp; &nbsp; &nbsp; &nbsp; &nbsp; &nbsp; &nbsp; &nbsp; &nbsp; &nbsp; &nbsp; &nbsp; &nbsp; &nbsp; &nbsp; &nbsp; &nbsp; &nbsp; &nbsp; &nbsp; &nbsp; &nbsp; &nbsp;&nbsp; <em>Quelle: Vinum-Weinguide 2023<\/em> <\/p>\n\n\n\n<div style=\"height: 4.1666666666667rem\" aria-hidden=\"true\" class=\"wp-block-spacer\"><\/div>\n\n\n\n<h4 class=\"wp-block-heading is-style-font-family-sans-serif\">VINUM Wineguide 2022<br>4,5 Sterne<\/h4>\n\n\n\n<p>&#8220;Die Geschichte der Br\u00fcder Rings h\u00e4tte sich  keiner vor 15 Jahren ausmalen k\u00f6nnen. Der  Betrieb war ein Nobody, den hatte echt keiner  auf dem Zettel. Und dann ging es los, 2007  war so eine Art Inizialz\u00fcndung. Seither nur<br>eine Richtung: up! Und das in einem Tempo,  das es selbst in der dynamischen Pfalz nur  selten gab oder gibt. Inzwischen steht der<br>Name Rings f\u00fcr h\u00f6chste Qualit\u00e4t, fast schon  auch f\u00fcr Besessenheit, immer noch einen  Tick mehr machen zu wollen als die Kollegen,  sich mit nichts zufrieden gebend. Vor einigen  Jahren haben sie, nach langem Kampf mit<br>den Planungs- und Genehmigungsbeh\u00f6rden,  ihre neue Kellerei am Rande der Lage Kreuz  fertiggestellt und k\u00f6nnen seitdem dort nach<br>Herzenslust t\u00fcfteln, andere F\u00e4sser ausprobieren,  andere Gebindegr\u00f6\u00dfen, R\u00fcckverschnitte  machen, das volle Programm eben. Konzentration durch Reduzierung  Andreas und Steffen Rings haben ihr Portfolio  analysiert und sind zu dem Schluss gekommen,  das Gro\u00dfe Gew\u00e4chs vom Wei\u00dfburgunder,<br>welches ihren Anspr\u00fcchen nie so ganz  gerecht werden konnte, ab sofort bleiben zu  lassen. Die eine H\u00e4lfte des Rebbestands flie\u00dft  daf\u00fcr in den Kalk &amp; Stein (was diesen nat\u00fcrlich  nochmals aufwertet), die andere ersetzte<br>man 2019 durch Neupflanzung von Pinot Noir.  Insofern stehen Riesling und Pinot nun etwas  mehr im Fokus, in beiden Bereichen wird noch<br>und n\u00f6cher an den kleinsten Qualit\u00e4tsschrauben  gedreht. Das hat alles derma\u00dfen Zug und  Spiel, die Rieslinge strotzen vor Klarheit, Finesse<br>und Brillanz und L\u00e4nge \u2013 und das bei  geringem Alkohol. \u00dcber den Gro\u00dfen Gew\u00e4chsen  allerdings schwebt der Kreid genau wie im  Vorjahr. Bei den Sp\u00e4tburgundern das gleiche  Bild, auch hier innere Dichte, diese aber leicht<br>verwoben, fast schwebend und nicht verbaut  durch plumpe Frucht. Der Felsenberg st\u00f6\u00dft in  eine neue Dimension f\u00fcr Rings vor. Bei Kreuz<br>R\u00e9serve und vor allem beim Syrah R\u00e9serve  (Deutschlands bestem!!!) geben wir das Glas  nicht mehr aus der Hand. No way, Jos\u00e9.&#8221;<\/p>\n\n\n\n<p><em>Quelle: VINUM Weinguide 2022 <\/em><\/p>\n\n\n\n<div style=\"height: 4.1666666666667rem\" aria-hidden=\"true\" class=\"wp-block-spacer\"><\/div>\n\n\n\n<p><\/p>\n\n\n\n<h4 class=\"wp-block-heading is-style-font-family-sans-serif\">Kollektion des Jahres der Pfalz 2021 \/ Wein-Plus<\/h4>\n\n\n\n<p>&#8220;Founded in 2001, Steffen and Andreas Rings continuously refined their winery to one of the region&#8217;s top producers. Today, their dry Rieslings from the chalky soils of Ungstein and Kallstadt are among the best wines in the country; the Saumagen is constantly outstanding.  And the Pinot Noirs are closely behind.&#8221; <br><em>Source: Marcus Hofschuster, wein-plus.de<\/em><\/p>\n\n\n\n<div style=\"height: 4.1666666666667rem\" aria-hidden=\"true\" class=\"wp-block-spacer\"><\/div>\n\n\n\n<h4 class=\"wp-block-heading is-style-font-family-sans-serif\">The wineadvocate \u2013 robert parker<br>(by Stephan reinhardt \/ August 2020)<\/h4>\n\n\n\n<p>\u201e\u2026Even  more impressive are many (yet not all) of the single-vineyard crus,   which have rarely been finer, richer, more complex and   vivacious\u2014B\u00fcrklin, von Winning, Wittmann, Weil, Fricke, Haag,   Emrich-Sch\u00f6nleber, BattenfeldSpanier, K\u00fchling-Gillot and Rings are only a   few examples that come to my mind spontaneously.\u201c<br><br>2019 KREID Riesling (95-97PP)<br>2019 SAUMAGEN Riesling GG (94-96PP)<br>2019 WEILBERG Riesling GG (93-94PP)<br>2018 FELSENBERG Sp\u00e4tburgunder GG (93PP)<br>2018 SAUMAGEN Sp\u00e4tburgunder GG (92+PP)<br>2018 Kallstadter Steinacker Sp\u00e4tburgunder VDP.ERSTE LAGE (92PP) <\/p>\n\n\n\n<p><\/p>\n\n\n\n<h4 class=\"wp-block-heading has-text-align-center is-style-font-family-sans-serif\">The wineadvocate \u2013 robert parker<br>(by Stephan reinhardt \/ May 2020) <\/h4>\n\n\n\n<p><strong>&#8220;..<\/strong>.Andreas  and Steffen have just opened their new winery, and I can\u2019t think of a  producer here that has made greater strides than them. These guys are  wild party animals, but in the vineyards, they work like jewelers,  paying close attention to even the smallest details. Their wines are  straight, wild and dangerous, too. Their Rieslings and Pinot Noirs from  iron-rich limestone soils and famous sites such as the Kallst\u00e4dter  Saumagen are thrilling and full of tension. The recent vintages have  vaulted them into the top 10 of the Pfalz\u2019s wine producers, and their  2019s won\u2019t threaten this status. You have to like their straight, firm,  precise and mineral stuff, and you shouldn\u2019t expect any charm here.  This is pure <em>terroir<\/em>-driven winemaking\u2026\u201c<\/p>\n\n\n\n<p>95+ KREID Riesling 2018<br>95 SAUMAGEN Riesling GG 2017<br>94 SAUMAGEN Sp\u00e4tburgunder GG 2017<br>94 SAUMAGEN Riesling GG 2016<br>93+ WEILBERG Riesling GG 2018<br>93 NUSSRIEGEL Riesling VDP.Erste Lage 2018<br>92 SAUMAGEN Riesling GG 2018<\/p>\n\n\n\n<div style=\"height: 2.5rem\" aria-hidden=\"true\" class=\"wp-block-spacer\"><\/div>\n\n\n\n<h4 class=\"wp-block-heading has-text-align-center is-style-font-family-sans-serif\">VINUM WEINGUIDE 2020<br>4 STERNE<\/h4>\n\n\n\n<p>&#8220;Es hat sich mit dem Bau des neuen Weinguts ganz viel ge\u00e4ndert f\u00fcr Andy und Steffen Rings. Die Kellerei kam mit dem massiven Jahrgang 2018 ohnehin wie gerufen, denn nun stehen die Weine endlich in einem<br>richtigen Keller, nicht mehr in einer Halle. Man arbeitet mit kleineren Tanks, hat einen zweiten Sortiertisch, alles geschieht nur noch \u00fcber Schwerkraft, auch ganz ohne Maischepumpe. Wer die beiden Br\u00fcder<br>kennt, wei\u00df, wie pingelig sie sind, wenn es um ihre Qualit\u00e4ten geht. Jetzt wollen und k\u00f6nnen sie die Parzellen sch\u00e4rfer voneinander abgrenzen. Den Steinacker Riesling etwa haben sie, obwohl es eh nur 1.800 Liter<br>waren, in vier kleinen Edelstahltanks ausgebaut, weil es keine geschlossene Parzelle war. Das hat man auch so gemacht beim Pinot aus dem Felsenberg, den es nach zwei Jahren mit Frostsch\u00e4den bzw. Hagel in 2018 wieder gibt: Er wurde in drei Partien aufgeteilt, weil die oberste davon einfach schneller reifte als die anderen. Leichtigkeit wird angestrebt<br>Das Ziel des Schaffens bei Rings sind Weine, die mit m\u00f6glichst wenig Alkohol auskommen \u2013 daf\u00fcr hin zu noch mehr Frische und K\u00fchle.<br>Paradebeispiel ist der Riesling Kreid. Er ist eine Selektion aus der Parzelle Kreidkeller, die wiederum Teil des Saumagens ist. Aus dem Boden mit Roterde mit Kalk hat man kleinste, jungfernfr\u00fcchtige Trauben gelesen, die dann zu 0,1 Prozent Restzucker durchgegoren sind. Ein k\u00fchler Kerl mit immensem Druck. K\u00fcnftig sollen viele Wei\u00dfweine erst sp\u00e4ter auf den<br>Markt kommen; diese Umstellung beginnt Rings jetzt mit Burgundersorten, sp\u00e4ter ziehen dann die Rieslinge nach. Der Keller war von vornherein so geplant, dass man in ihm 1,5 Jahrg\u00e4nge vorhalten kann. Uns hat die gesamte Kollektion sehr, sehr gut gefallen, auch wenn 2018 offenbar viele Parzellen, auch mit \u00e4lteren Rebanlagen, von der Trockenheit arg<br>betroffen waren. Andy und Steffen ist es dennoch gelungen, dies im Wein nicht sp\u00fcren zu lassen. Bei den Rotweinen hatten wir immer gedacht, dass 2017 lange nicht an 2016 heranreichen kann, doch sind wir eines Besseren<br>belehrt worden. Die Cuv\u00e9e Das Kreuz oder der Sp\u00e4tburgunder Saumagen sind ganz hervorragend ausgefallen.&#8221;<\/p>\n\n\n\n<p><\/p>\n\n\n\n<div style=\"height: 2.5rem\" aria-hidden=\"true\" class=\"wp-block-spacer\"><\/div>\n\n\n\n<h4 class=\"wp-block-heading has-text-align-center is-style-font-family-sans-serif\">Meiningers rotweinpreis 2019<br>dreimal auf dem Treppchen<\/h4>\n\n\n\n<p>1. Platz 2017 Freinsheim Sp\u00e4tburgunder &#8220;Vom Quarzsand&#8221;<br>3. Platz 2017 SAUMAGEN Sp\u00e4tburgunder GG<br>3. Platz 2015 Das KREUZ R\u00c9SERVE <\/p>\n\n\n\n<p><\/p>\n\n\n\n<p><\/p>\n\n\n\n<h4 class=\"wp-block-heading has-text-align-center is-style-font-family-sans-serif\">EICHELMANN 2020<br>4,5 STERNE<\/h4>\n\n\n\n<p>&#8220;Ein neuer Jahrgang und ein neuer H\u00f6henflug: Hatten wir schon im vergangenen Jahr geschrieben, dass besonders bei den Rieslingen die Ma\u00dfst\u00e4be nach oben verschoben worden seien, so k\u00f6nnen die Rings-Br\u00fcder sich in diesem Jahr nochmals steigern, das Gro\u00dfe Gew\u00e4chs aus dem Saumagen ist der h\u00f6chstbewertete Riesling der Pfalz in diesem Jahr und auch der Weilberg war noch nie so stark.&#8221; <\/p>\n\n\n\n<div style=\"height: 2.5rem\" aria-hidden=\"true\" class=\"wp-block-spacer\"><\/div>\n\n\n\n<h4 class=\"wp-block-heading has-text-align-center is-style-font-family-sans-serif\">GAULT MILLAU 2020<br>4 TRAUBEN<\/h4>\n\n\n\n<p>&#8220;Der Umzug ist erfolgreich bew\u00e4ltigt: 2018 ist der erste Jahrgang, den die Rings-Br\u00fcder im neu errichteten Weingut im Freinsheimer Kreuz verarbeitet haben. L\u00e4ngst war der alte Gutsbau im Freinsheimer Wohngebiet zu klein geworden, also baute man in den Weinberg, und zwar so, dass vom Geb\u00e4ude bald nicht mehr viel zu sehen sein wird: Der Bau wurde fast vollst\u00e4ndig mit Humus abgedeckt und bepflanzt. Ein weiteres Kapitel in der kurzen, aber bereits sehr erfolgreichen Geschichte des Gutes: Im Jahr 2001 gegr\u00fcndet, wurde es 2015 in den VDP aufgenommen, 2017 erfolgte die Biozertifizierung, und 2018 gab es die vierte Gault&amp;Millau-Traube. Es waren aber auch R\u00fcckschl\u00e4ge zu bew\u00e4ltigen: Im Jahrgang 2016 verzichteten Andreas und Steffen Rings auf die GG-Sp\u00e4tburgunder aus dem Saumagen sowie dem Felsenberg, im Jahr 2017 sch\u00e4digte Frost den Sp\u00e4tburgunder im Felsenberg zu 100 Prozent. Hier darf man unter normalen Umst\u00e4nden Gro\u00dfes erwarten von dem Br\u00fcderpaar: \u201eUnsere Monopollage Felsenberg liegt im Naturschutzgebiet Berntal, umschlossen von Kalksteinmauern. Wir haben den Weinberg 2011 komplett renaturiert und mit burgundischen Pinot-Noir-Reben neu bestockt.\u201c Neu im Portfolio ist der Leistadter Kalkofen. Dieser liegt wiederum oberhalb des Felsenbergs und grenzt direkt an den Pf\u00e4lzer Wald. \u201eDer Kalkofen wurde nie flurbereinigt\u201c, berichten die Rings\u2019, \u201eund er ist reich an alten Reben auf einem massiven Kalksteinboden. Hier konnten wir uns zwei Parzellen mit<br>Sp\u00e4tburgunder sichern, der im Jahr 1971 gepflanzt wurde.\u201c Die K\u00fchle vom Pf\u00e4lzer Wald und die alten Reben sorgen f\u00fcr einen finessenreichen, eleganten Wein, eine echte Bereicherung des Sortiments. Eine solche ist auch der Kreid, eine Topselektion aus einem Filetst\u00fcck des Kallstadter Saumagens; der Name nimmt Bezug auf den kreidigen Kalkstein der<br>Parzelle. \u201eDieser Wein ist eine Hommage an unseren Vater, der leider dieses Jahr verstorben ist\u201c, erkl\u00e4ren die Br\u00fcder. Zusammen mit dem Sp\u00e4tburgunder GG Saumagen stellt dieser Ausnahmewein die Spitze der vorgestellten Kollektion dar, in der Wei\u00df wie Rot gleicherma\u00dfen \u00fcberzeugen k\u00f6nnen \u2013 auch hierin nimmt das Gut eine Ausnahmestellung ein. Diese resultiert aus Enthusiasmus und besessener Arbeit am Detail: \u201eWir sind Weinverr\u00fcckte. Wein ist unser Leben, daf\u00fcr arbeiten wir 365 Tage. Naturnaher Weinbau erfordert viele H\u00e4nde \u2013 zum Entbl\u00e4ttern,<br>Ausgeizen, Halbieren, Selektieren uns Sortieren.\u201c Im Weinberg werden zur Durchwurzelung des n\u00fctzlingen Buchweizen, Klee sowie Rettich einges\u00e4t, als D\u00fcnger wird Pferdemist ausgebracht. Zur Vinifizierung ihrer Spitzenrotweine sagen die Rings\u2019: \u201eDie Trauben werden von Hand gelesen, im Weingut nochmals sortiert und per Hand abgebeert. Ohne Pumpvorg\u00e4nge kommen die Trauben in ihre Holzg\u00e4rbottiche, die \u201acuves\u2018,<br>mit einem Anteil ganzer Trauben. Nach einer kurzen Mazerationszeit verg\u00e4rt die Maische spontan, mit nat\u00fcrlichen Hefen.\u201c Der Ausbau erfolgt f\u00fcr 18 Monate anteilig in neuen und gebrauchten Barriques.<br>Der zu verzeichnende Qualit\u00e4tsschub bei den Wei\u00dfweinen ist auch neuen Lagen im Portfolio zu verdanken: Die Mehrzahl der Rings\u2019schen Reben<br>steht nach wie vor um Freinsheim, aber in den vergangenen Jahren sind noch Weinberge in Ungstein (Nussriegel, Weilberg) sowie in Kallstadt (Saumagen, Steinacker) dazugekommen, die markante Rieslinge hervorbringen. \u201eWir sind \u00fcberzeugt vom Potenzial unserer Lagen. Denn sie machen den Unterschied. Diese Motivation tr\u00e4gt uns jeden Tag, in der Familie und im ganzen Team\u201c, erkl\u00e4ren die Br\u00fcder ihren nicht zu bremsenden Antrieb.&#8221;<\/p>\n\n\n\n<p><\/p>\n\n\n\n<p><\/p>\n\n\n\n<div style=\"height: 2.5rem\" aria-hidden=\"true\" class=\"wp-block-spacer\"><\/div>\n\n\n\n<h4 class=\"wp-block-heading has-text-align-center is-style-font-family-sans-serif\">FALSTAFF WEINGUIDE 2019<br>4 STERNE<\/h4>\n\n\n\n<p>&#8220;Weilberg, Saumagen und Steinacker &#8211; das ist das Lagentrio, mit dessen Rieslingen Andreas und Steffen Rings auch 2018 punkten konnten. Dabei hat der Weilberg die gr\u00f6\u00dfte Spannung, der Saumagen die brachialste Kraft, der Steinacker das beste Ebenma\u00df. Ein Genuss sind alle drei &#8211; und eigen, wie es sich f\u00fcr gro\u00dfe Lagenweine geh\u00f6rt. Ein klein wenig schwerer greifbar in seinem Herkunftscharakter war f\u00fcr unsere Verkoster der Prestige-Riesling &#8220;KREID&#8221; &#8211; was vielleicht auch nur der Jugend dieses Weins geschuldet ist. Die 2017er Sp\u00e4tburgunder zeigen das Jahr von seiner besten Seite.&#8221;<\/p>\n","protected":false},"excerpt":{"rendered":"<p>james suckling(by stuart piggot \/ SEP 2025) JS 96 2023 Saumagen Sp\u00e4tburgunder GG JS 96 2024 Saumagen Riesling GGJS 95 2024 Kreid RieslingJS 95 2023 Felsenberg Sp\u00e4tburgunder GGJS 95 2023 Kalkofen Sp\u00e4tburgunder GG james suckling(by stuart piggot \/ feb 2025) JS 96 2020 CALCAIRE blanc et noirs brut nature JS 95 2022 Felsenberg Sp\u00e4tburgunder GGJS [&hellip;]<\/p>\n","protected":false},"author":1,"featured_media":0,"parent":0,"menu_order":0,"comment_status":"closed","ping_status":"closed","template":"","meta":{"footnotes":""},"yoast_head":"\n<title>Press Reviews &#8211; Weingut Rings<\/title>\n<meta name=\"robots\" content=\"index, follow, max-snippet:-1, max-image-preview:large, max-video-preview:-1\" \/>\n<link rel=\"canonical\" href=\"https:\/\/weingut-rings.de\/en\/press\/\" \/>\n<meta property=\"og:locale\" content=\"en_US\" \/>\n<meta property=\"og:type\" content=\"article\" \/>\n<meta property=\"og:title\" content=\"Press Reviews &#8211; Weingut Rings\" \/>\n<meta property=\"og:description\" content=\"james suckling(by stuart piggot \/ SEP 2025) JS 96 2023 Saumagen Sp\u00e4tburgunder GG JS 96 2024 Saumagen Riesling GGJS 95 2024 Kreid RieslingJS 95 2023 Felsenberg Sp\u00e4tburgunder GGJS 95 2023 Kalkofen Sp\u00e4tburgunder GG james suckling(by stuart piggot \/ feb 2025) JS 96 2020 CALCAIRE blanc et noirs brut nature JS 95 2022 Felsenberg Sp\u00e4tburgunder GGJS [&hellip;]\" \/>\n<meta property=\"og:url\" content=\"https:\/\/weingut-rings.de\/en\/press\/\" \/>\n<meta property=\"og:site_name\" content=\"Weingut Rings\" \/>\n<meta property=\"article:publisher\" content=\"https:\/\/www.facebook.com\/Weingut.Rings\" \/>\n<meta property=\"article:modified_time\" content=\"2026-03-11T15:31:49+00:00\" \/>\n<meta name=\"twitter:card\" content=\"summary_large_image\" \/>\n<meta name=\"twitter:label1\" content=\"Est. reading time\" \/>\n\t<meta name=\"twitter:data1\" content=\"12 minutes\" \/>\n<script type=\"application\/ld+json\" class=\"yoast-schema-graph\">{\"@context\":\"https:\/\/schema.org\",\"@graph\":[{\"@type\":\"WebPage\",\"@id\":\"https:\/\/weingut-rings.de\/en\/press\/\",\"url\":\"https:\/\/weingut-rings.de\/en\/press\/\",\"name\":\"Press Reviews &#8211; Weingut Rings\",\"isPartOf\":{\"@id\":\"https:\/\/weingut-rings.de\/#website\"},\"datePublished\":\"2020-03-25T10:11:54+00:00\",\"dateModified\":\"2026-03-11T15:31:49+00:00\",\"breadcrumb\":{\"@id\":\"https:\/\/weingut-rings.de\/en\/press\/#breadcrumb\"},\"inLanguage\":\"en-US\",\"potentialAction\":[{\"@type\":\"ReadAction\",\"target\":[\"https:\/\/weingut-rings.de\/en\/press\/\"]}]},{\"@type\":\"BreadcrumbList\",\"@id\":\"https:\/\/weingut-rings.de\/en\/press\/#breadcrumb\",\"itemListElement\":[{\"@type\":\"ListItem\",\"position\":1,\"name\":\"Startseite\",\"item\":\"https:\/\/weingut-rings.de\/\"},{\"@type\":\"ListItem\",\"position\":2,\"name\":\"Press Reviews\"}]},{\"@type\":\"WebSite\",\"@id\":\"https:\/\/weingut-rings.de\/#website\",\"url\":\"https:\/\/weingut-rings.de\/\",\"name\":\"Weingut Rings\",\"description\":\"Das Weingut Rings, seit 2015 Mitglied im VDP, wird von den Br\u00fcdern Steffen und Andreas gef\u00fchrt. Im Fokus steht der herkunftsgepr\u00e4gte Ausbau trockener Wei\u00df- und Rotweine aus renommierten Einzellagen rund um Freinsheim, Kallstadt, Ungstein und dem Berntal.\",\"publisher\":{\"@id\":\"https:\/\/weingut-rings.de\/#organization\"},\"potentialAction\":[{\"@type\":\"SearchAction\",\"target\":{\"@type\":\"EntryPoint\",\"urlTemplate\":\"https:\/\/weingut-rings.de\/?s={search_term_string}\"},\"query-input\":\"required name=search_term_string\"}],\"inLanguage\":\"en-US\"},{\"@type\":\"Organization\",\"@id\":\"https:\/\/weingut-rings.de\/#organization\",\"name\":\"Weingut Rings\",\"url\":\"https:\/\/weingut-rings.de\/\",\"logo\":{\"@type\":\"ImageObject\",\"inLanguage\":\"en-US\",\"@id\":\"https:\/\/weingut-rings.de\/#\/schema\/logo\/image\/\",\"url\":\"https:\/\/weingut-rings.de\/wp-content\/uploads\/2019\/12\/logo.png\",\"contentUrl\":\"https:\/\/weingut-rings.de\/wp-content\/uploads\/2019\/12\/logo.png\",\"width\":2000,\"height\":2000,\"caption\":\"Weingut Rings\"},\"image\":{\"@id\":\"https:\/\/weingut-rings.de\/#\/schema\/logo\/image\/\"},\"sameAs\":[\"https:\/\/www.facebook.com\/Weingut.Rings\",\"https:\/\/www.instagram.com\/ringswein\/\"]}]}<\/script>\n","yoast_head_json":{"title":"Press Reviews &#8211; Weingut Rings","robots":{"index":"index","follow":"follow","max-snippet":"max-snippet:-1","max-image-preview":"max-image-preview:large","max-video-preview":"max-video-preview:-1"},"canonical":"https:\/\/weingut-rings.de\/en\/press\/","og_locale":"en_US","og_type":"article","og_title":"Press Reviews &#8211; Weingut Rings","og_description":"james suckling(by stuart piggot \/ SEP 2025) JS 96 2023 Saumagen Sp\u00e4tburgunder GG JS 96 2024 Saumagen Riesling GGJS 95 2024 Kreid RieslingJS 95 2023 Felsenberg Sp\u00e4tburgunder GGJS 95 2023 Kalkofen Sp\u00e4tburgunder GG james suckling(by stuart piggot \/ feb 2025) JS 96 2020 CALCAIRE blanc et noirs brut nature JS 95 2022 Felsenberg Sp\u00e4tburgunder GGJS [&hellip;]","og_url":"https:\/\/weingut-rings.de\/en\/press\/","og_site_name":"Weingut Rings","article_publisher":"https:\/\/www.facebook.com\/Weingut.Rings","article_modified_time":"2026-03-11T15:31:49+00:00","twitter_card":"summary_large_image","twitter_misc":{"Est. reading time":"12 minutes"},"schema":{"@context":"https:\/\/schema.org","@graph":[{"@type":"WebPage","@id":"https:\/\/weingut-rings.de\/en\/press\/","url":"https:\/\/weingut-rings.de\/en\/press\/","name":"Press Reviews &#8211; Weingut Rings","isPartOf":{"@id":"https:\/\/weingut-rings.de\/#website"},"datePublished":"2020-03-25T10:11:54+00:00","dateModified":"2026-03-11T15:31:49+00:00","breadcrumb":{"@id":"https:\/\/weingut-rings.de\/en\/press\/#breadcrumb"},"inLanguage":"en-US","potentialAction":[{"@type":"ReadAction","target":["https:\/\/weingut-rings.de\/en\/press\/"]}]},{"@type":"BreadcrumbList","@id":"https:\/\/weingut-rings.de\/en\/press\/#breadcrumb","itemListElement":[{"@type":"ListItem","position":1,"name":"Startseite","item":"https:\/\/weingut-rings.de\/"},{"@type":"ListItem","position":2,"name":"Press Reviews"}]},{"@type":"WebSite","@id":"https:\/\/weingut-rings.de\/#website","url":"https:\/\/weingut-rings.de\/","name":"Weingut Rings","description":"Das Weingut Rings, seit 2015 Mitglied im VDP, wird von den Br\u00fcdern Steffen und Andreas gef\u00fchrt. Im Fokus steht der herkunftsgepr\u00e4gte Ausbau trockener Wei\u00df- und Rotweine aus renommierten Einzellagen rund um Freinsheim, Kallstadt, Ungstein und dem Berntal.","publisher":{"@id":"https:\/\/weingut-rings.de\/#organization"},"potentialAction":[{"@type":"SearchAction","target":{"@type":"EntryPoint","urlTemplate":"https:\/\/weingut-rings.de\/?s={search_term_string}"},"query-input":"required name=search_term_string"}],"inLanguage":"en-US"},{"@type":"Organization","@id":"https:\/\/weingut-rings.de\/#organization","name":"Weingut Rings","url":"https:\/\/weingut-rings.de\/","logo":{"@type":"ImageObject","inLanguage":"en-US","@id":"https:\/\/weingut-rings.de\/#\/schema\/logo\/image\/","url":"https:\/\/weingut-rings.de\/wp-content\/uploads\/2019\/12\/logo.png","contentUrl":"https:\/\/weingut-rings.de\/wp-content\/uploads\/2019\/12\/logo.png","width":2000,"height":2000,"caption":"Weingut Rings"},"image":{"@id":"https:\/\/weingut-rings.de\/#\/schema\/logo\/image\/"},"sameAs":["https:\/\/www.facebook.com\/Weingut.Rings","https:\/\/www.instagram.com\/ringswein\/"]}]}},"_links":{"self":[{"href":"https:\/\/weingut-rings.de\/en\/wp-json\/wp\/v2\/pages\/2280"}],"collection":[{"href":"https:\/\/weingut-rings.de\/en\/wp-json\/wp\/v2\/pages"}],"about":[{"href":"https:\/\/weingut-rings.de\/en\/wp-json\/wp\/v2\/types\/page"}],"author":[{"embeddable":true,"href":"https:\/\/weingut-rings.de\/en\/wp-json\/wp\/v2\/users\/1"}],"replies":[{"embeddable":true,"href":"https:\/\/weingut-rings.de\/en\/wp-json\/wp\/v2\/comments?post=2280"}],"version-history":[{"count":29,"href":"https:\/\/weingut-rings.de\/en\/wp-json\/wp\/v2\/pages\/2280\/revisions"}],"predecessor-version":[{"id":5696,"href":"https:\/\/weingut-rings.de\/en\/wp-json\/wp\/v2\/pages\/2280\/revisions\/5696"}],"wp:attachment":[{"href":"https:\/\/weingut-rings.de\/en\/wp-json\/wp\/v2\/media?parent=2280"}],"curies":[{"name":"wp","href":"https:\/\/api.w.org\/{rel}","templated":true}]}}