{"id":2283,"date":"2020-03-25T11:23:35","date_gmt":"2020-03-25T10:23:35","guid":{"rendered":"https:\/\/weingut-rings.de\/?page_id=2283"},"modified":"2020-04-05T10:49:43","modified_gmt":"2020-04-05T08:49:43","slug":"chalk-stone","status":"publish","type":"page","link":"https:\/\/weingut-rings.de\/en\/chalk-stone\/","title":{"rendered":"Kalk &#038; Stein"},"content":{"rendered":"\n<figure class=\"wp-block-gallery alignwide columns-2 wp-block-gallery-1 is-layout-flex wp-block-gallery-is-layout-flex\"><ul class=\"blocks-gallery-grid\"><li class=\"blocks-gallery-item\"><figure><img loading=\"lazy\" decoding=\"async\" width=\"1024\" height=\"1004\" src=\"https:\/\/weingut-rings.de\/wp-content\/uploads\/2020\/01\/weingut-rings-weingut-rings-grafik-kalk-und-stein-1024x1004.png\" alt=\"\" data-id=\"480\" data-full-url=\"https:\/\/weingut-rings.de\/wp-content\/uploads\/2020\/01\/weingut-rings-weingut-rings-grafik-kalk-und-stein.png\" data-link=\"https:\/\/weingut-rings.de\/weingut-rings-weingut-rings-grafik-kalk-und-stein-2\/\" class=\"wp-image-480\" srcset=\"https:\/\/weingut-rings.de\/wp-content\/uploads\/2020\/01\/weingut-rings-weingut-rings-grafik-kalk-und-stein-1024x1004.png 1024w, https:\/\/weingut-rings.de\/wp-content\/uploads\/2020\/01\/weingut-rings-weingut-rings-grafik-kalk-und-stein-300x294.png 300w, https:\/\/weingut-rings.de\/wp-content\/uploads\/2020\/01\/weingut-rings-weingut-rings-grafik-kalk-und-stein-768x753.png 768w, https:\/\/weingut-rings.de\/wp-content\/uploads\/2020\/01\/weingut-rings-weingut-rings-grafik-kalk-und-stein-1536x1506.png 1536w, https:\/\/weingut-rings.de\/wp-content\/uploads\/2020\/01\/weingut-rings-weingut-rings-grafik-kalk-und-stein-2048x2008.png 2048w\" sizes=\"(max-width: 1024px) 100vw, 1024px\" \/><\/figure><\/li><li class=\"blocks-gallery-item\"><figure><img decoding=\"async\" src=\"https:\/\/weingut-rings.de\/wp-content\/uploads\/2020\/02\/weingut-rings-flaschenfoto-kalkundstein2018-683x1024.png\" alt=\"\" data-id=\"1074\" data-full-url=\"https:\/\/weingut-rings.de\/wp-content\/uploads\/2020\/02\/weingut-rings-flaschenfoto-kalkundstein2018.png\" data-link=\"https:\/\/weingut-rings.de\/weingut-rings-flaschenfoto-kalkundstein2018\/\" class=\"wp-image-1074\"\/><\/figure><\/li><\/ul><\/figure>\n\n\n\n<div class=\"wp-block-group alignwide\"><div class=\"wp-block-group__inner-container is-layout-flow wp-block-group-is-layout-flow\">\n<h3 class=\"has-text-align-center wp-block-heading\">We are self-taught, driven by curiosity and the desire to continuously  improve. We try out lots of different things and if something doesn\u2019t  work, we discard that idea and move on to others. Nothing is as  important as the quality of the wine. In some cases, we love one of our experiments so much that a new wine  emerges, which is what most recently happened with our white Pinot blend  \u201cKalk &amp; Stein\u201d. <\/h3>\n<\/div><\/div>\n\n\n\n<div style=\"height: 2.5rem\" aria-hidden=\"true\" class=\"wp-block-spacer\"><\/div>\n\n\n<div class=\" wine single-wine\">\n    \n    <div class=\"hgroup\">\n                <h1>\n                            2024<br \/> Kalk &#038; Stein Chardonnay                                      <\/h1>\n            <\/div>\n\n\n\n\n <dl class=\"wine__metas\">\n <dt>Classification<\/dt>\n <dd class=\"wine__classification\">Others<\/dd>            \n <dt><\/dt>\n <dd><p style=\"text-align: center;\">Varieties:<br \/>\n85% Chardonnay, 15% Wei\u00dfer Burgunder (Pinot Blanc)<\/p>\n<p style=\"text-align: center;\">Origins:<br \/>\nChardonnay from the cool-climate, limestone soils in the village of Kallstadt; Pinot Blanc from the warm, sandstone soils of Ungstein.<\/p>\n<p style=\"text-align: center;\">Vineyard work:<br \/>\nBuckwheat, radish and clover aerate the soil and attract useful animals. Horse dung fertilizes the soil naturally. We take off leaves selectivly and work with low yields.<\/p>\n<p style=\"text-align: center;\">Vinification:<br \/>\nFermented with native yeasts, in wooden barrels, 16 months on the lees, minimal and late use of sulphur, unfiltered.<\/p>\n<p style=\"text-align: center;\">Charakter:<br \/>\nSpicy and mineral<\/p>\n<p style=\"text-align: center;\">\n<\/dd>\n            <\/dl>\n <p class=\"wine__prices text-center\">\n <span class=\"wine__prices__price\">\u20ac 28.00<\/span>&nbsp;<span class=\"small\">0.75&nbsp;L<\/span>\n <br \/>\n <span class=\"wine__prices__description\">\n                    (\u20ac 37.33\/L)\n                <\/span><br \/>\n <span class=\"wine__prices__description\">\n                13.5 % vol. alc.\n                <\/span><br \/>\n                  \n <span class=\"wine__prices__description\">\n                Qualit\u00e4tswein b. A. (Pfalz)<br \/>Certified Organic (DE-\u00d6KO-022)\n                <\/span><br \/>\n                                    <\/p>\n    \n <p class=\"text-center \"><a type=\"button\" class=\"btn btn-outline-dark text-decoration-none\" href=\"https:\/\/www.shop.weingut-rings.de\/product-page\/2019-kalk-stein\" target=\"_blank\">Shop now<\/a><\/p>\n    \n    \n\n\n<p class=\"small text-center\">All our wines are from the Protected Designation of Origin PFALZ, unless stated otherwise. <br \/>All still and sparkling wines contain sulphites.<\/p>\n<\/div>\n\n\n<div style=\"height: 3.75rem\" aria-hidden=\"true\" class=\"wp-block-spacer\"><\/div>\n","protected":false},"excerpt":{"rendered":"<p>We are self-taught, driven by curiosity and the desire to continuously improve. We try out lots of different things and if something doesn\u2019t work, we discard that idea and move on to others. Nothing is as important as the quality of the wine. In some cases, we love one of our experiments so much that [&hellip;]<\/p>\n","protected":false},"author":1,"featured_media":0,"parent":0,"menu_order":0,"comment_status":"closed","ping_status":"closed","template":"","meta":{"footnotes":""},"yoast_head":"\n<title>Kalk &amp; Stein &#8211; Weingut Rings<\/title>\n<meta name=\"robots\" content=\"index, follow, max-snippet:-1, max-image-preview:large, max-video-preview:-1\" \/>\n<link rel=\"canonical\" href=\"https:\/\/weingut-rings.de\/365-tage\/\" \/>\n<meta property=\"og:locale\" content=\"en_US\" \/>\n<meta property=\"og:type\" content=\"article\" \/>\n<meta property=\"og:title\" content=\"Kalk &amp; Stein &#8211; Weingut Rings\" \/>\n<meta property=\"og:description\" content=\"We are self-taught, driven by curiosity and the desire to continuously improve. We try out lots of different things and if something doesn\u2019t work, we discard that idea and move on to others. Nothing is as important as the quality of the wine. In some cases, we love one of our experiments so much that [&hellip;]\" \/>\n<meta property=\"og:url\" content=\"https:\/\/weingut-rings.de\/365-tage\/\" \/>\n<meta property=\"og:site_name\" content=\"Weingut Rings\" \/>\n<meta property=\"article:publisher\" content=\"https:\/\/www.facebook.com\/Weingut.Rings\" \/>\n<meta property=\"article:modified_time\" content=\"2020-04-05T08:49:43+00:00\" \/>\n<meta property=\"og:image\" content=\"https:\/\/weingut-rings.de\/wp-content\/uploads\/2020\/01\/weingut-rings-weingut-rings-grafik-kalk-und-stein-1024x1004.png\" \/>\n<meta name=\"twitter:card\" content=\"summary_large_image\" \/>\n<script type=\"application\/ld+json\" class=\"yoast-schema-graph\">{\"@context\":\"https:\/\/schema.org\",\"@graph\":[{\"@type\":\"WebPage\",\"@id\":\"https:\/\/weingut-rings.de\/365-tage\/\",\"url\":\"https:\/\/weingut-rings.de\/365-tage\/\",\"name\":\"Kalk & Stein &#8211; Weingut Rings\",\"isPartOf\":{\"@id\":\"https:\/\/weingut-rings.de\/#website\"},\"datePublished\":\"2020-03-25T10:23:35+00:00\",\"dateModified\":\"2020-04-05T08:49:43+00:00\",\"breadcrumb\":{\"@id\":\"https:\/\/weingut-rings.de\/365-tage\/#breadcrumb\"},\"inLanguage\":\"en-US\",\"potentialAction\":[{\"@type\":\"ReadAction\",\"target\":[\"https:\/\/weingut-rings.de\/365-tage\/\"]}]},{\"@type\":\"BreadcrumbList\",\"@id\":\"https:\/\/weingut-rings.de\/365-tage\/#breadcrumb\",\"itemListElement\":[{\"@type\":\"ListItem\",\"position\":1,\"name\":\"Startseite\",\"item\":\"https:\/\/weingut-rings.de\/\"},{\"@type\":\"ListItem\",\"position\":2,\"name\":\"Kalk &#038; Stein\"}]},{\"@type\":\"WebSite\",\"@id\":\"https:\/\/weingut-rings.de\/#website\",\"url\":\"https:\/\/weingut-rings.de\/\",\"name\":\"Weingut Rings\",\"description\":\"Das Weingut Rings, seit 2015 Mitglied im VDP, wird von den Br\u00fcdern Steffen und Andreas gef\u00fchrt. Im Fokus steht der herkunftsgepr\u00e4gte Ausbau trockener Wei\u00df- und Rotweine aus renommierten Einzellagen rund um Freinsheim, Kallstadt, Ungstein und dem Berntal.\",\"publisher\":{\"@id\":\"https:\/\/weingut-rings.de\/#organization\"},\"potentialAction\":[{\"@type\":\"SearchAction\",\"target\":{\"@type\":\"EntryPoint\",\"urlTemplate\":\"https:\/\/weingut-rings.de\/?s={search_term_string}\"},\"query-input\":\"required name=search_term_string\"}],\"inLanguage\":\"en-US\"},{\"@type\":\"Organization\",\"@id\":\"https:\/\/weingut-rings.de\/#organization\",\"name\":\"Weingut Rings\",\"url\":\"https:\/\/weingut-rings.de\/\",\"logo\":{\"@type\":\"ImageObject\",\"inLanguage\":\"en-US\",\"@id\":\"https:\/\/weingut-rings.de\/#\/schema\/logo\/image\/\",\"url\":\"https:\/\/weingut-rings.de\/wp-content\/uploads\/2019\/12\/logo.png\",\"contentUrl\":\"https:\/\/weingut-rings.de\/wp-content\/uploads\/2019\/12\/logo.png\",\"width\":2000,\"height\":2000,\"caption\":\"Weingut Rings\"},\"image\":{\"@id\":\"https:\/\/weingut-rings.de\/#\/schema\/logo\/image\/\"},\"sameAs\":[\"https:\/\/www.facebook.com\/Weingut.Rings\",\"https:\/\/www.instagram.com\/ringswein\/\"]}]}<\/script>\n","yoast_head_json":{"title":"Kalk & Stein &#8211; Weingut Rings","robots":{"index":"index","follow":"follow","max-snippet":"max-snippet:-1","max-image-preview":"max-image-preview:large","max-video-preview":"max-video-preview:-1"},"canonical":"https:\/\/weingut-rings.de\/365-tage\/","og_locale":"en_US","og_type":"article","og_title":"Kalk & Stein &#8211; Weingut Rings","og_description":"We are self-taught, driven by curiosity and the desire to continuously improve. We try out lots of different things and if something doesn\u2019t work, we discard that idea and move on to others. Nothing is as important as the quality of the wine. In some cases, we love one of our experiments so much that [&hellip;]","og_url":"https:\/\/weingut-rings.de\/365-tage\/","og_site_name":"Weingut Rings","article_publisher":"https:\/\/www.facebook.com\/Weingut.Rings","article_modified_time":"2020-04-05T08:49:43+00:00","og_image":[{"url":"https:\/\/weingut-rings.de\/wp-content\/uploads\/2020\/01\/weingut-rings-weingut-rings-grafik-kalk-und-stein-1024x1004.png"}],"twitter_card":"summary_large_image","schema":{"@context":"https:\/\/schema.org","@graph":[{"@type":"WebPage","@id":"https:\/\/weingut-rings.de\/365-tage\/","url":"https:\/\/weingut-rings.de\/365-tage\/","name":"Kalk & Stein &#8211; Weingut Rings","isPartOf":{"@id":"https:\/\/weingut-rings.de\/#website"},"datePublished":"2020-03-25T10:23:35+00:00","dateModified":"2020-04-05T08:49:43+00:00","breadcrumb":{"@id":"https:\/\/weingut-rings.de\/365-tage\/#breadcrumb"},"inLanguage":"en-US","potentialAction":[{"@type":"ReadAction","target":["https:\/\/weingut-rings.de\/365-tage\/"]}]},{"@type":"BreadcrumbList","@id":"https:\/\/weingut-rings.de\/365-tage\/#breadcrumb","itemListElement":[{"@type":"ListItem","position":1,"name":"Startseite","item":"https:\/\/weingut-rings.de\/"},{"@type":"ListItem","position":2,"name":"Kalk &#038; Stein"}]},{"@type":"WebSite","@id":"https:\/\/weingut-rings.de\/#website","url":"https:\/\/weingut-rings.de\/","name":"Weingut Rings","description":"Das Weingut Rings, seit 2015 Mitglied im VDP, wird von den Br\u00fcdern Steffen und Andreas gef\u00fchrt. Im Fokus steht der herkunftsgepr\u00e4gte Ausbau trockener Wei\u00df- und Rotweine aus renommierten Einzellagen rund um Freinsheim, Kallstadt, Ungstein und dem Berntal.","publisher":{"@id":"https:\/\/weingut-rings.de\/#organization"},"potentialAction":[{"@type":"SearchAction","target":{"@type":"EntryPoint","urlTemplate":"https:\/\/weingut-rings.de\/?s={search_term_string}"},"query-input":"required name=search_term_string"}],"inLanguage":"en-US"},{"@type":"Organization","@id":"https:\/\/weingut-rings.de\/#organization","name":"Weingut Rings","url":"https:\/\/weingut-rings.de\/","logo":{"@type":"ImageObject","inLanguage":"en-US","@id":"https:\/\/weingut-rings.de\/#\/schema\/logo\/image\/","url":"https:\/\/weingut-rings.de\/wp-content\/uploads\/2019\/12\/logo.png","contentUrl":"https:\/\/weingut-rings.de\/wp-content\/uploads\/2019\/12\/logo.png","width":2000,"height":2000,"caption":"Weingut Rings"},"image":{"@id":"https:\/\/weingut-rings.de\/#\/schema\/logo\/image\/"},"sameAs":["https:\/\/www.facebook.com\/Weingut.Rings","https:\/\/www.instagram.com\/ringswein\/"]}]}},"_links":{"self":[{"href":"https:\/\/weingut-rings.de\/en\/wp-json\/wp\/v2\/pages\/2283"}],"collection":[{"href":"https:\/\/weingut-rings.de\/en\/wp-json\/wp\/v2\/pages"}],"about":[{"href":"https:\/\/weingut-rings.de\/en\/wp-json\/wp\/v2\/types\/page"}],"author":[{"embeddable":true,"href":"https:\/\/weingut-rings.de\/en\/wp-json\/wp\/v2\/users\/1"}],"replies":[{"embeddable":true,"href":"https:\/\/weingut-rings.de\/en\/wp-json\/wp\/v2\/comments?post=2283"}],"version-history":[{"count":4,"href":"https:\/\/weingut-rings.de\/en\/wp-json\/wp\/v2\/pages\/2283\/revisions"}],"predecessor-version":[{"id":2475,"href":"https:\/\/weingut-rings.de\/en\/wp-json\/wp\/v2\/pages\/2283\/revisions\/2475"}],"wp:attachment":[{"href":"https:\/\/weingut-rings.de\/en\/wp-json\/wp\/v2\/media?parent=2283"}],"curies":[{"name":"wp","href":"https:\/\/api.w.org\/{rel}","templated":true}]}}