{"id":2293,"date":"2020-03-25T11:29:49","date_gmt":"2020-03-25T10:29:49","guid":{"rendered":"https:\/\/weingut-rings.de\/?page_id=2293"},"modified":"2020-04-06T10:26:46","modified_gmt":"2020-04-06T08:26:46","slug":"place","status":"publish","type":"page","link":"https:\/\/weingut-rings.de\/en\/place\/","title":{"rendered":"The Palatinate region. This is our home; it\u2019s where we grew up, and many of our friends and respected colleagues live here. Anyone who has ever visited this region knows why we love it so much."},"content":{"rendered":"\n<figure class=\"wp-block-image alignfull size-large\"><img loading=\"lazy\" decoding=\"async\" width=\"1024\" height=\"683\" src=\"https:\/\/weingut-rings.de\/wp-content\/uploads\/2020\/01\/weingut-rings-weingut-rings-christian-ernst-weingut-betontunnel-saumagen-1024x683.jpg\" alt=\"\" class=\"wp-image-713\" srcset=\"https:\/\/weingut-rings.de\/wp-content\/uploads\/2020\/01\/weingut-rings-weingut-rings-christian-ernst-weingut-betontunnel-saumagen-1024x683.jpg 1024w, https:\/\/weingut-rings.de\/wp-content\/uploads\/2020\/01\/weingut-rings-weingut-rings-christian-ernst-weingut-betontunnel-saumagen-300x200.jpg 300w, https:\/\/weingut-rings.de\/wp-content\/uploads\/2020\/01\/weingut-rings-weingut-rings-christian-ernst-weingut-betontunnel-saumagen-768x512.jpg 768w, https:\/\/weingut-rings.de\/wp-content\/uploads\/2020\/01\/weingut-rings-weingut-rings-christian-ernst-weingut-betontunnel-saumagen-1536x1024.jpg 1536w, https:\/\/weingut-rings.de\/wp-content\/uploads\/2020\/01\/weingut-rings-weingut-rings-christian-ernst-weingut-betontunnel-saumagen-2048x1365.jpg 2048w\" sizes=\"(max-width: 1024px) 100vw, 1024px\" \/><figcaption class=\"figure-caption\">The Haardt region. This view of the Palatinate Forest, with its characteristic landscape\u00a0 and TV tower, is the first thing we see when we return from our travels. We immediately feel at home. <\/figcaption><\/figure>\n\n\n\n<div style=\"height: 5rem\" aria-hidden=\"true\" class=\"wp-block-spacer\"><\/div>\n\n\n\n<figure class=\"wp-block-image alignfull size-large\"><img loading=\"lazy\" decoding=\"async\" width=\"1024\" height=\"683\" src=\"https:\/\/weingut-rings.de\/wp-content\/uploads\/2019\/12\/weingut-rings-weingut-rings-christian-ernst-freinsheim-ausblick-andy-1024x683.jpg\" alt=\"\" class=\"wp-image-155\" srcset=\"https:\/\/weingut-rings.de\/wp-content\/uploads\/2019\/12\/weingut-rings-weingut-rings-christian-ernst-freinsheim-ausblick-andy-1024x683.jpg 1024w, https:\/\/weingut-rings.de\/wp-content\/uploads\/2019\/12\/weingut-rings-weingut-rings-christian-ernst-freinsheim-ausblick-andy-300x200.jpg 300w, https:\/\/weingut-rings.de\/wp-content\/uploads\/2019\/12\/weingut-rings-weingut-rings-christian-ernst-freinsheim-ausblick-andy-768x512.jpg 768w, https:\/\/weingut-rings.de\/wp-content\/uploads\/2019\/12\/weingut-rings-weingut-rings-christian-ernst-freinsheim-ausblick-andy-1536x1025.jpg 1536w, https:\/\/weingut-rings.de\/wp-content\/uploads\/2019\/12\/weingut-rings-weingut-rings-christian-ernst-freinsheim-ausblick-andy-2048x1366.jpg 2048w\" sizes=\"(max-width: 1024px) 100vw, 1024px\" \/><figcaption class=\"figure-caption\">The vast plain of the Rhine Rift Valley, seen from the edge of the former quarry at the \u201cKallstadter Steinacker\u201d site.<br>&nbsp; <\/figcaption><\/figure>\n\n\n\n<div class=\"wp-block-group alignwide\"><div class=\"wp-block-group__inner-container is-layout-flow wp-block-group-is-layout-flow\">\n<div style=\"height: 0.83333333333333rem\" aria-hidden=\"true\" class=\"wp-block-spacer\"><\/div>\n\n\n<h1><\/h1><\/div><\/div>\n\n\n\n<div style=\"height: 0.83333333333333rem\" aria-hidden=\"true\" class=\"wp-block-spacer\"><\/div>\n\n\n\n<div style=\"height: 5rem\" aria-hidden=\"true\" class=\"wp-block-spacer\"><\/div>\n\n\n\n<figure class=\"wp-block-image alignfull size-large\"><img loading=\"lazy\" decoding=\"async\" width=\"1024\" height=\"683\" src=\"https:\/\/weingut-rings.de\/wp-content\/uploads\/2019\/12\/weingut-rings-weingut-rings-christian-ernst-weingut-kreuz-architektur-1024x683.jpg\" alt=\"\" class=\"wp-image-187\" srcset=\"https:\/\/weingut-rings.de\/wp-content\/uploads\/2019\/12\/weingut-rings-weingut-rings-christian-ernst-weingut-kreuz-architektur-1024x683.jpg 1024w, https:\/\/weingut-rings.de\/wp-content\/uploads\/2019\/12\/weingut-rings-weingut-rings-christian-ernst-weingut-kreuz-architektur-300x200.jpg 300w, https:\/\/weingut-rings.de\/wp-content\/uploads\/2019\/12\/weingut-rings-weingut-rings-christian-ernst-weingut-kreuz-architektur-768x512.jpg 768w, https:\/\/weingut-rings.de\/wp-content\/uploads\/2019\/12\/weingut-rings-weingut-rings-christian-ernst-weingut-kreuz-architektur-1536x1024.jpg 1536w, https:\/\/weingut-rings.de\/wp-content\/uploads\/2019\/12\/weingut-rings-weingut-rings-christian-ernst-weingut-kreuz-architektur-2048x1365.jpg 2048w\" sizes=\"(max-width: 1024px) 100vw, 1024px\" \/><figcaption class=\"figure-caption\">Our new home, surrounded by our Freinsheim vineyards<\/figcaption><\/figure>\n\n\n\n<div style=\"height: 5rem\" aria-hidden=\"true\" class=\"wp-block-spacer\"><\/div>\n\n\n\n<figure class=\"wp-block-image alignfull size-large\"><img loading=\"lazy\" decoding=\"async\" width=\"1024\" height=\"683\" src=\"https:\/\/weingut-rings.de\/wp-content\/uploads\/2020\/01\/weingut-rings-weingut-rings-christian-weingut-verkostungsraum-ausblick-1024x683.jpg\" alt=\"\" class=\"wp-image-829\" srcset=\"https:\/\/weingut-rings.de\/wp-content\/uploads\/2020\/01\/weingut-rings-weingut-rings-christian-weingut-verkostungsraum-ausblick-1024x683.jpg 1024w, https:\/\/weingut-rings.de\/wp-content\/uploads\/2020\/01\/weingut-rings-weingut-rings-christian-weingut-verkostungsraum-ausblick-300x200.jpg 300w, https:\/\/weingut-rings.de\/wp-content\/uploads\/2020\/01\/weingut-rings-weingut-rings-christian-weingut-verkostungsraum-ausblick-768x512.jpg 768w, https:\/\/weingut-rings.de\/wp-content\/uploads\/2020\/01\/weingut-rings-weingut-rings-christian-weingut-verkostungsraum-ausblick-1536x1024.jpg 1536w, https:\/\/weingut-rings.de\/wp-content\/uploads\/2020\/01\/weingut-rings-weingut-rings-christian-weingut-verkostungsraum-ausblick-2048x1365.jpg 2048w\" sizes=\"(max-width: 1024px) 100vw, 1024px\" \/><figcaption class=\"figure-caption\">Wine tastings with a view<\/figcaption><\/figure>\n\n\n\n<div style=\"height: 5rem\" aria-hidden=\"true\" class=\"wp-block-spacer\"><\/div>\n\n\n\n<figure class=\"wp-block-image alignfull size-large\"><img loading=\"lazy\" decoding=\"async\" width=\"1024\" height=\"683\" src=\"https:\/\/weingut-rings.de\/wp-content\/uploads\/2020\/02\/weingut-rings-weingut-rings-christian-ernst-weingut-kreuz-neuanlage-sonne-blauerhimmel-1024x683.jpg\" alt=\"\" class=\"wp-image-1220\" srcset=\"https:\/\/weingut-rings.de\/wp-content\/uploads\/2020\/02\/weingut-rings-weingut-rings-christian-ernst-weingut-kreuz-neuanlage-sonne-blauerhimmel-1024x683.jpg 1024w, https:\/\/weingut-rings.de\/wp-content\/uploads\/2020\/02\/weingut-rings-weingut-rings-christian-ernst-weingut-kreuz-neuanlage-sonne-blauerhimmel-300x200.jpg 300w, https:\/\/weingut-rings.de\/wp-content\/uploads\/2020\/02\/weingut-rings-weingut-rings-christian-ernst-weingut-kreuz-neuanlage-sonne-blauerhimmel-768x512.jpg 768w, https:\/\/weingut-rings.de\/wp-content\/uploads\/2020\/02\/weingut-rings-weingut-rings-christian-ernst-weingut-kreuz-neuanlage-sonne-blauerhimmel-1536x1024.jpg 1536w, https:\/\/weingut-rings.de\/wp-content\/uploads\/2020\/02\/weingut-rings-weingut-rings-christian-ernst-weingut-kreuz-neuanlage-sonne-blauerhimmel-2048x1365.jpg 2048w\" sizes=\"(max-width: 1024px) 100vw, 1024px\" \/><figcaption class=\"figure-caption\">Recently planted: Cabernet Sauvignon, Merlot, Cabernet Franc and Syrah &#8211; right in our own front yard<\/figcaption><\/figure>\n\n\n\n<div style=\"height: 5rem\" aria-hidden=\"true\" class=\"wp-block-spacer\"><\/div>\n\n\n\n<figure class=\"wp-block-image alignfull size-large\"><img loading=\"lazy\" decoding=\"async\" width=\"1024\" height=\"683\" src=\"https:\/\/weingut-rings.de\/wp-content\/uploads\/2019\/12\/weingut-rings-weingut-rings-christian-ernst-weingut-weinlese-trauben-anhaenger-1024x683.jpg\" alt=\"\" class=\"wp-image-203\" srcset=\"https:\/\/weingut-rings.de\/wp-content\/uploads\/2019\/12\/weingut-rings-weingut-rings-christian-ernst-weingut-weinlese-trauben-anhaenger-1024x683.jpg 1024w, https:\/\/weingut-rings.de\/wp-content\/uploads\/2019\/12\/weingut-rings-weingut-rings-christian-ernst-weingut-weinlese-trauben-anhaenger-300x200.jpg 300w, https:\/\/weingut-rings.de\/wp-content\/uploads\/2019\/12\/weingut-rings-weingut-rings-christian-ernst-weingut-weinlese-trauben-anhaenger-768x512.jpg 768w, https:\/\/weingut-rings.de\/wp-content\/uploads\/2019\/12\/weingut-rings-weingut-rings-christian-ernst-weingut-weinlese-trauben-anhaenger-1536x1024.jpg 1536w, https:\/\/weingut-rings.de\/wp-content\/uploads\/2019\/12\/weingut-rings-weingut-rings-christian-ernst-weingut-weinlese-trauben-anhaenger-2048x1365.jpg 2048w\" sizes=\"(max-width: 1024px) 100vw, 1024px\" \/><figcaption class=\"figure-caption\">The last grapes of the day<\/figcaption><\/figure>\n\n\n\n<div style=\"height: 5rem\" aria-hidden=\"true\" class=\"wp-block-spacer\"><\/div>\n\n\n\n<figure class=\"wp-block-image alignfull size-large\"><img loading=\"lazy\" decoding=\"async\" width=\"1024\" height=\"683\" src=\"https:\/\/weingut-rings.de\/wp-content\/uploads\/2020\/02\/weingut-rings-weingut-rings-christian-ernst-sortiertisch-schwarzweiss-perspektive-glitzerndebeeren-1024x683.jpg\" alt=\"\" class=\"wp-image-1214\" srcset=\"https:\/\/weingut-rings.de\/wp-content\/uploads\/2020\/02\/weingut-rings-weingut-rings-christian-ernst-sortiertisch-schwarzweiss-perspektive-glitzerndebeeren-1024x683.jpg 1024w, https:\/\/weingut-rings.de\/wp-content\/uploads\/2020\/02\/weingut-rings-weingut-rings-christian-ernst-sortiertisch-schwarzweiss-perspektive-glitzerndebeeren-300x200.jpg 300w, https:\/\/weingut-rings.de\/wp-content\/uploads\/2020\/02\/weingut-rings-weingut-rings-christian-ernst-sortiertisch-schwarzweiss-perspektive-glitzerndebeeren-768x512.jpg 768w, https:\/\/weingut-rings.de\/wp-content\/uploads\/2020\/02\/weingut-rings-weingut-rings-christian-ernst-sortiertisch-schwarzweiss-perspektive-glitzerndebeeren-1536x1024.jpg 1536w, https:\/\/weingut-rings.de\/wp-content\/uploads\/2020\/02\/weingut-rings-weingut-rings-christian-ernst-sortiertisch-schwarzweiss-perspektive-glitzerndebeeren-2048x1365.jpg 2048w\" sizes=\"(max-width: 1024px) 100vw, 1024px\" \/><figcaption class=\"figure-caption\">In the press house: Gorgeous Pinot Noir grapes vibrate slowly over the sorting table for their final check.<\/figcaption><\/figure>\n\n\n\n<div style=\"height: 5rem\" aria-hidden=\"true\" class=\"wp-block-spacer\"><\/div>\n\n\n\n<figure class=\"wp-block-image alignfull size-large\"><img loading=\"lazy\" decoding=\"async\" width=\"1024\" height=\"683\" src=\"https:\/\/weingut-rings.de\/wp-content\/uploads\/2020\/01\/weingut-rings-weingut-rings-christian-ernst-weingut-fest-abend-olivenbaum-1024x683.jpg\" alt=\"\" class=\"wp-image-825\" srcset=\"https:\/\/weingut-rings.de\/wp-content\/uploads\/2020\/01\/weingut-rings-weingut-rings-christian-ernst-weingut-fest-abend-olivenbaum-1024x683.jpg 1024w, https:\/\/weingut-rings.de\/wp-content\/uploads\/2020\/01\/weingut-rings-weingut-rings-christian-ernst-weingut-fest-abend-olivenbaum-300x200.jpg 300w, https:\/\/weingut-rings.de\/wp-content\/uploads\/2020\/01\/weingut-rings-weingut-rings-christian-ernst-weingut-fest-abend-olivenbaum-768x512.jpg 768w, https:\/\/weingut-rings.de\/wp-content\/uploads\/2020\/01\/weingut-rings-weingut-rings-christian-ernst-weingut-fest-abend-olivenbaum-1536x1024.jpg 1536w, https:\/\/weingut-rings.de\/wp-content\/uploads\/2020\/01\/weingut-rings-weingut-rings-christian-ernst-weingut-fest-abend-olivenbaum-2048x1365.jpg 2048w\" sizes=\"(max-width: 1024px) 100vw, 1024px\" \/><figcaption class=\"figure-caption\">Full house at the &#8220;Kulinarische Weinwanderweg 2019&#8221; wine festival <\/figcaption><\/figure>\n\n\n\n<div style=\"height: 4.1666666666667rem\" aria-hidden=\"true\" class=\"wp-block-spacer\"><\/div>\n\n\n\n<div class=\"wp-block-group alignfull is-layout-flow wp-block-group-is-layout-flow\"><div class=\"wp-block-group__inner-container\"><\/div><\/div>\n\n\n\n<figure class=\"wp-block-image alignfull size-large\"><img loading=\"lazy\" decoding=\"async\" width=\"1024\" height=\"683\" src=\"https:\/\/weingut-rings.de\/wp-content\/uploads\/2020\/02\/weingut-rings-weingut-rings-christian-ernst-faesser-schnitzarbeit-kinder-geburtstag-1024x683.jpg\" alt=\"\" class=\"wp-image-1236\" srcset=\"https:\/\/weingut-rings.de\/wp-content\/uploads\/2020\/02\/weingut-rings-weingut-rings-christian-ernst-faesser-schnitzarbeit-kinder-geburtstag-1024x683.jpg 1024w, https:\/\/weingut-rings.de\/wp-content\/uploads\/2020\/02\/weingut-rings-weingut-rings-christian-ernst-faesser-schnitzarbeit-kinder-geburtstag-300x200.jpg 300w, https:\/\/weingut-rings.de\/wp-content\/uploads\/2020\/02\/weingut-rings-weingut-rings-christian-ernst-faesser-schnitzarbeit-kinder-geburtstag-768x512.jpg 768w, https:\/\/weingut-rings.de\/wp-content\/uploads\/2020\/02\/weingut-rings-weingut-rings-christian-ernst-faesser-schnitzarbeit-kinder-geburtstag-1536x1025.jpg 1536w, https:\/\/weingut-rings.de\/wp-content\/uploads\/2020\/02\/weingut-rings-weingut-rings-christian-ernst-faesser-schnitzarbeit-kinder-geburtstag-2048x1366.jpg 2048w\" sizes=\"(max-width: 1024px) 100vw, 1024px\" \/><figcaption class=\"figure-caption\">Barrels for the next generation<\/figcaption><\/figure>\n\n\n\n<div style=\"height: 5rem\" aria-hidden=\"true\" class=\"wp-block-spacer\"><\/div>\n\n\n\n<figure class=\"wp-block-image alignfull size-large\"><img loading=\"lazy\" decoding=\"async\" width=\"1024\" height=\"683\" src=\"https:\/\/weingut-rings.de\/wp-content\/uploads\/2020\/02\/weingut-rings-weingut-rings-christian-ernst-abend-probierrunde-goodtimes-1024x683.jpg\" alt=\"\" class=\"wp-image-1043\" srcset=\"https:\/\/weingut-rings.de\/wp-content\/uploads\/2020\/02\/weingut-rings-weingut-rings-christian-ernst-abend-probierrunde-goodtimes-1024x683.jpg 1024w, https:\/\/weingut-rings.de\/wp-content\/uploads\/2020\/02\/weingut-rings-weingut-rings-christian-ernst-abend-probierrunde-goodtimes-300x200.jpg 300w, https:\/\/weingut-rings.de\/wp-content\/uploads\/2020\/02\/weingut-rings-weingut-rings-christian-ernst-abend-probierrunde-goodtimes-768x512.jpg 768w, https:\/\/weingut-rings.de\/wp-content\/uploads\/2020\/02\/weingut-rings-weingut-rings-christian-ernst-abend-probierrunde-goodtimes-1536x1024.jpg 1536w, https:\/\/weingut-rings.de\/wp-content\/uploads\/2020\/02\/weingut-rings-weingut-rings-christian-ernst-abend-probierrunde-goodtimes-2048x1365.jpg 2048w\" sizes=\"(max-width: 1024px) 100vw, 1024px\" \/><\/figure>\n","protected":false},"excerpt":{"rendered":"","protected":false},"author":1,"featured_media":0,"parent":0,"menu_order":0,"comment_status":"closed","ping_status":"closed","template":"","meta":{"footnotes":""},"yoast_head":"\n<title>The Palatinate region. This is our home; it\u2019s where we grew up, and many of our friends and respected colleagues live here. Anyone who has ever visited this region knows why we love it so much. &#8211; Weingut Rings<\/title>\n<meta name=\"robots\" content=\"index, follow, max-snippet:-1, max-image-preview:large, max-video-preview:-1\" \/>\n<link rel=\"canonical\" href=\"https:\/\/weingut-rings.de\/ort\/\" \/>\n<meta property=\"og:locale\" content=\"en_US\" \/>\n<meta property=\"og:type\" content=\"article\" \/>\n<meta property=\"og:title\" content=\"The Palatinate region. This is our home; it\u2019s where we grew up, and many of our friends and respected colleagues live here. Anyone who has ever visited this region knows why we love it so much. &#8211; Weingut Rings\" \/>\n<meta property=\"og:url\" content=\"https:\/\/weingut-rings.de\/ort\/\" \/>\n<meta property=\"og:site_name\" content=\"Weingut Rings\" \/>\n<meta property=\"article:publisher\" content=\"https:\/\/www.facebook.com\/Weingut.Rings\" \/>\n<meta property=\"article:modified_time\" content=\"2020-04-06T08:26:46+00:00\" \/>\n<meta property=\"og:image\" content=\"https:\/\/weingut-rings.de\/wp-content\/uploads\/2020\/01\/weingut-rings-weingut-rings-christian-ernst-weingut-betontunnel-saumagen-1024x683.jpg\" \/>\n<meta name=\"twitter:card\" content=\"summary_large_image\" \/>\n<meta name=\"twitter:label1\" content=\"Est. reading time\" \/>\n\t<meta name=\"twitter:data1\" content=\"1 minute\" \/>\n<script type=\"application\/ld+json\" class=\"yoast-schema-graph\">{\"@context\":\"https:\/\/schema.org\",\"@graph\":[{\"@type\":\"WebPage\",\"@id\":\"https:\/\/weingut-rings.de\/ort\/\",\"url\":\"https:\/\/weingut-rings.de\/ort\/\",\"name\":\"The Palatinate region. This is our home; it\u2019s where we grew up, and many of our friends and respected colleagues live here. Anyone who has ever visited this region knows why we love it so much. &#8211; Weingut Rings\",\"isPartOf\":{\"@id\":\"https:\/\/weingut-rings.de\/#website\"},\"datePublished\":\"2020-03-25T10:29:49+00:00\",\"dateModified\":\"2020-04-06T08:26:46+00:00\",\"breadcrumb\":{\"@id\":\"https:\/\/weingut-rings.de\/ort\/#breadcrumb\"},\"inLanguage\":\"en-US\",\"potentialAction\":[{\"@type\":\"ReadAction\",\"target\":[\"https:\/\/weingut-rings.de\/ort\/\"]}]},{\"@type\":\"BreadcrumbList\",\"@id\":\"https:\/\/weingut-rings.de\/ort\/#breadcrumb\",\"itemListElement\":[{\"@type\":\"ListItem\",\"position\":1,\"name\":\"Startseite\",\"item\":\"https:\/\/weingut-rings.de\/\"},{\"@type\":\"ListItem\",\"position\":2,\"name\":\"The Palatinate region. This is our home; it\u2019s where we grew up, and many of our friends and respected colleagues live here. Anyone who has ever visited this region knows why we love it so much.\"}]},{\"@type\":\"WebSite\",\"@id\":\"https:\/\/weingut-rings.de\/#website\",\"url\":\"https:\/\/weingut-rings.de\/\",\"name\":\"Weingut Rings\",\"description\":\"Das Weingut Rings, seit 2015 Mitglied im VDP, wird von den Br\u00fcdern Steffen und Andreas gef\u00fchrt. Im Fokus steht der herkunftsgepr\u00e4gte Ausbau trockener Wei\u00df- und Rotweine aus renommierten Einzellagen rund um Freinsheim, Kallstadt, Ungstein und dem Berntal.\",\"publisher\":{\"@id\":\"https:\/\/weingut-rings.de\/#organization\"},\"potentialAction\":[{\"@type\":\"SearchAction\",\"target\":{\"@type\":\"EntryPoint\",\"urlTemplate\":\"https:\/\/weingut-rings.de\/?s={search_term_string}\"},\"query-input\":\"required name=search_term_string\"}],\"inLanguage\":\"en-US\"},{\"@type\":\"Organization\",\"@id\":\"https:\/\/weingut-rings.de\/#organization\",\"name\":\"Weingut Rings\",\"url\":\"https:\/\/weingut-rings.de\/\",\"logo\":{\"@type\":\"ImageObject\",\"inLanguage\":\"en-US\",\"@id\":\"https:\/\/weingut-rings.de\/#\/schema\/logo\/image\/\",\"url\":\"https:\/\/weingut-rings.de\/wp-content\/uploads\/2019\/12\/logo.png\",\"contentUrl\":\"https:\/\/weingut-rings.de\/wp-content\/uploads\/2019\/12\/logo.png\",\"width\":2000,\"height\":2000,\"caption\":\"Weingut Rings\"},\"image\":{\"@id\":\"https:\/\/weingut-rings.de\/#\/schema\/logo\/image\/\"},\"sameAs\":[\"https:\/\/www.facebook.com\/Weingut.Rings\",\"https:\/\/www.instagram.com\/ringswein\/\"]}]}<\/script>\n","yoast_head_json":{"title":"The Palatinate region. This is our home; it\u2019s where we grew up, and many of our friends and respected colleagues live here. Anyone who has ever visited this region knows why we love it so much. &#8211; Weingut Rings","robots":{"index":"index","follow":"follow","max-snippet":"max-snippet:-1","max-image-preview":"max-image-preview:large","max-video-preview":"max-video-preview:-1"},"canonical":"https:\/\/weingut-rings.de\/ort\/","og_locale":"en_US","og_type":"article","og_title":"The Palatinate region. This is our home; it\u2019s where we grew up, and many of our friends and respected colleagues live here. Anyone who has ever visited this region knows why we love it so much. &#8211; Weingut Rings","og_url":"https:\/\/weingut-rings.de\/ort\/","og_site_name":"Weingut Rings","article_publisher":"https:\/\/www.facebook.com\/Weingut.Rings","article_modified_time":"2020-04-06T08:26:46+00:00","og_image":[{"url":"https:\/\/weingut-rings.de\/wp-content\/uploads\/2020\/01\/weingut-rings-weingut-rings-christian-ernst-weingut-betontunnel-saumagen-1024x683.jpg"}],"twitter_card":"summary_large_image","twitter_misc":{"Est. reading time":"1 minute"},"schema":{"@context":"https:\/\/schema.org","@graph":[{"@type":"WebPage","@id":"https:\/\/weingut-rings.de\/ort\/","url":"https:\/\/weingut-rings.de\/ort\/","name":"The Palatinate region. This is our home; it\u2019s where we grew up, and many of our friends and respected colleagues live here. Anyone who has ever visited this region knows why we love it so much. &#8211; Weingut Rings","isPartOf":{"@id":"https:\/\/weingut-rings.de\/#website"},"datePublished":"2020-03-25T10:29:49+00:00","dateModified":"2020-04-06T08:26:46+00:00","breadcrumb":{"@id":"https:\/\/weingut-rings.de\/ort\/#breadcrumb"},"inLanguage":"en-US","potentialAction":[{"@type":"ReadAction","target":["https:\/\/weingut-rings.de\/ort\/"]}]},{"@type":"BreadcrumbList","@id":"https:\/\/weingut-rings.de\/ort\/#breadcrumb","itemListElement":[{"@type":"ListItem","position":1,"name":"Startseite","item":"https:\/\/weingut-rings.de\/"},{"@type":"ListItem","position":2,"name":"The Palatinate region. This is our home; it\u2019s where we grew up, and many of our friends and respected colleagues live here. Anyone who has ever visited this region knows why we love it so much."}]},{"@type":"WebSite","@id":"https:\/\/weingut-rings.de\/#website","url":"https:\/\/weingut-rings.de\/","name":"Weingut Rings","description":"Das Weingut Rings, seit 2015 Mitglied im VDP, wird von den Br\u00fcdern Steffen und Andreas gef\u00fchrt. Im Fokus steht der herkunftsgepr\u00e4gte Ausbau trockener Wei\u00df- und Rotweine aus renommierten Einzellagen rund um Freinsheim, Kallstadt, Ungstein und dem Berntal.","publisher":{"@id":"https:\/\/weingut-rings.de\/#organization"},"potentialAction":[{"@type":"SearchAction","target":{"@type":"EntryPoint","urlTemplate":"https:\/\/weingut-rings.de\/?s={search_term_string}"},"query-input":"required name=search_term_string"}],"inLanguage":"en-US"},{"@type":"Organization","@id":"https:\/\/weingut-rings.de\/#organization","name":"Weingut Rings","url":"https:\/\/weingut-rings.de\/","logo":{"@type":"ImageObject","inLanguage":"en-US","@id":"https:\/\/weingut-rings.de\/#\/schema\/logo\/image\/","url":"https:\/\/weingut-rings.de\/wp-content\/uploads\/2019\/12\/logo.png","contentUrl":"https:\/\/weingut-rings.de\/wp-content\/uploads\/2019\/12\/logo.png","width":2000,"height":2000,"caption":"Weingut Rings"},"image":{"@id":"https:\/\/weingut-rings.de\/#\/schema\/logo\/image\/"},"sameAs":["https:\/\/www.facebook.com\/Weingut.Rings","https:\/\/www.instagram.com\/ringswein\/"]}]}},"_links":{"self":[{"href":"https:\/\/weingut-rings.de\/en\/wp-json\/wp\/v2\/pages\/2293"}],"collection":[{"href":"https:\/\/weingut-rings.de\/en\/wp-json\/wp\/v2\/pages"}],"about":[{"href":"https:\/\/weingut-rings.de\/en\/wp-json\/wp\/v2\/types\/page"}],"author":[{"embeddable":true,"href":"https:\/\/weingut-rings.de\/en\/wp-json\/wp\/v2\/users\/1"}],"replies":[{"embeddable":true,"href":"https:\/\/weingut-rings.de\/en\/wp-json\/wp\/v2\/comments?post=2293"}],"version-history":[{"count":25,"href":"https:\/\/weingut-rings.de\/en\/wp-json\/wp\/v2\/pages\/2293\/revisions"}],"predecessor-version":[{"id":2531,"href":"https:\/\/weingut-rings.de\/en\/wp-json\/wp\/v2\/pages\/2293\/revisions\/2531"}],"wp:attachment":[{"href":"https:\/\/weingut-rings.de\/en\/wp-json\/wp\/v2\/media?parent=2293"}],"curies":[{"name":"wp","href":"https:\/\/api.w.org\/{rel}","templated":true}]}}