{"id":2416,"date":"2020-04-02T17:27:35","date_gmt":"2020-04-02T15:27:35","guid":{"rendered":"https:\/\/weingut-rings.de\/?page_id=2416"},"modified":"2020-04-02T17:54:10","modified_gmt":"2020-04-02T15:54:10","slug":"newsletter-fachhandel","status":"publish","type":"page","link":"https:\/\/weingut-rings.de\/en\/newsletter-fachhandel\/","title":{"rendered":"Newsletter-Anmeldung Fachhandel"},"content":{"rendered":"<form class=\"\" action=\"https:\/\/eu2.cleverreach.com\/f\/176790-197408\/wcs\/\" method=\"post\" target=\"_blank\">\n <div class=\"form-group\">\n <label for=\"cr_form_name\">First and last name<\/label>\n <input type=\"text\" name=\"1105138\" class=\"form-control\" id=\"cr_form_name\">\n        <\/div> \n <div class=\"form-group\">\n <label for=\"cr_form_email\">Your email address<\/label>\n <input type=\"email\" name=\"email\" class=\"form-control\" id=\"cr_form_email\">\n        <\/div>\n        <input name=\"1138904\" type=\"hidden\" required value=\"en\" \/>\n    <script type=\"text\/template\">\n        <div class=\"custom-control custom-checkbox\">\n                        <input class=\"custom-control-input\" id=\"newsletter-confirmationCheckbox\" name=\"1097954[]\" value=\"Ich&#32;willige&#32;in&#32;die&#32;Erhebung,&#32;Speicherung&#32;und&#32;Verwendung&#32;meiner&#32;E-Mail-Adresse&#32;durch&#32;das&#32;Weingut&#32;Rings&#32;zum&#32;Zwecke&#32;des&#32;Versands&#32;von&#32;Informationen&#32;\u00fcber&#32;aktuelle&#32;Weine,&#32;Neuigkeiten&#32;und&#32;Events&#32;des&#32;Weingutes&#32;ein.&#32;Die&#32;Einwilligung&#32;ist&#32;freiwillig&#32;und&#32;kann&#32;jederzeit&#32;per&#32;E-Mail&#32;an&#32;info@weingut-rings.de&#32;widerrufen&#32;werden.&#32;Die&#32;Datenschutzerkl\u00e4rung&#32;habe&#32;ich&#32;gelesen&#32;und&#32;akzeptiere&#32;diese.\" type=\"checkbox\" required \/>\n            <label class=\"custom-control-label\" for=\"newsletter-confirmationCheckbox\">Ich&#32;willige&#32;in&#32;die&#32;Erhebung,&#32;Speicherung&#32;und&#32;Verwendung&#32;meiner&#32;E-Mail-Adresse&#32;durch&#32;das&#32;Weingut&#32;Rings&#32;zum&#32;Zwecke&#32;des&#32;Versands&#32;von&#32;Informationen&#32;\u00fcber&#32;aktuelle&#32;Weine,&#32;Neuigkeiten&#32;und&#32;Events&#32;des&#32;Weingutes&#32;ein.&#32;Die&#32;Einwilligung&#32;ist&#32;freiwillig&#32;und&#32;kann&#32;jederzeit&#32;per&#32;E-Mail&#32;an&#32;info@weingut-rings.de&#32;widerrufen&#32;werden.&#32;Die&#32;Datenschutzerkl\u00e4rung&#32;habe&#32;ich&#32;gelesen&#32;und&#32;akzeptiere&#32;diese.<\/label> \n        <\/div> \n    <\/script>      \n <button data-subscribe-newsletter type=\"submit\" class=\"btn btn-outline-dark\">Subscribe<\/button>\n<\/form>\n","protected":false},"excerpt":{"rendered":"","protected":false},"author":1,"featured_media":0,"parent":0,"menu_order":0,"comment_status":"closed","ping_status":"closed","template":"","meta":{"footnotes":""},"yoast_head":"\n<title>Newsletter-Anmeldung Fachhandel &#8211; Weingut Rings<\/title>\n<meta name=\"robots\" content=\"index, follow, max-snippet:-1, max-image-preview:large, max-video-preview:-1\" \/>\n<link rel=\"canonical\" href=\"https:\/\/weingut-rings.de\/newsletter-fachhandel\/\" \/>\n<meta property=\"og:locale\" content=\"en_US\" \/>\n<meta property=\"og:type\" content=\"article\" \/>\n<meta property=\"og:title\" content=\"Newsletter-Anmeldung Fachhandel &#8211; Weingut Rings\" \/>\n<meta property=\"og:url\" content=\"https:\/\/weingut-rings.de\/newsletter-fachhandel\/\" \/>\n<meta property=\"og:site_name\" content=\"Weingut Rings\" \/>\n<meta property=\"article:publisher\" content=\"https:\/\/www.facebook.com\/Weingut.Rings\" \/>\n<meta property=\"article:modified_time\" content=\"2020-04-02T15:54:10+00:00\" \/>\n<meta name=\"twitter:card\" content=\"summary_large_image\" \/>\n<script type=\"application\/ld+json\" class=\"yoast-schema-graph\">{\"@context\":\"https:\/\/schema.org\",\"@graph\":[{\"@type\":\"WebPage\",\"@id\":\"https:\/\/weingut-rings.de\/newsletter-fachhandel\/\",\"url\":\"https:\/\/weingut-rings.de\/newsletter-fachhandel\/\",\"name\":\"Newsletter-Anmeldung Fachhandel &#8211; Weingut Rings\",\"isPartOf\":{\"@id\":\"https:\/\/weingut-rings.de\/#website\"},\"datePublished\":\"2020-04-02T15:27:35+00:00\",\"dateModified\":\"2020-04-02T15:54:10+00:00\",\"breadcrumb\":{\"@id\":\"https:\/\/weingut-rings.de\/newsletter-fachhandel\/#breadcrumb\"},\"inLanguage\":\"en-US\",\"potentialAction\":[{\"@type\":\"ReadAction\",\"target\":[\"https:\/\/weingut-rings.de\/newsletter-fachhandel\/\"]}]},{\"@type\":\"BreadcrumbList\",\"@id\":\"https:\/\/weingut-rings.de\/newsletter-fachhandel\/#breadcrumb\",\"itemListElement\":[{\"@type\":\"ListItem\",\"position\":1,\"name\":\"Startseite\",\"item\":\"https:\/\/weingut-rings.de\/\"},{\"@type\":\"ListItem\",\"position\":2,\"name\":\"Newsletter-Anmeldung Fachhandel\"}]},{\"@type\":\"WebSite\",\"@id\":\"https:\/\/weingut-rings.de\/#website\",\"url\":\"https:\/\/weingut-rings.de\/\",\"name\":\"Weingut Rings\",\"description\":\"Das Weingut Rings, seit 2015 Mitglied im VDP, wird von den Br\u00fcdern Steffen und Andreas gef\u00fchrt. Im Fokus steht der herkunftsgepr\u00e4gte Ausbau trockener Wei\u00df- und Rotweine aus renommierten Einzellagen rund um Freinsheim, Kallstadt, Ungstein und dem Berntal.\",\"publisher\":{\"@id\":\"https:\/\/weingut-rings.de\/#organization\"},\"potentialAction\":[{\"@type\":\"SearchAction\",\"target\":{\"@type\":\"EntryPoint\",\"urlTemplate\":\"https:\/\/weingut-rings.de\/?s={search_term_string}\"},\"query-input\":\"required name=search_term_string\"}],\"inLanguage\":\"en-US\"},{\"@type\":\"Organization\",\"@id\":\"https:\/\/weingut-rings.de\/#organization\",\"name\":\"Weingut Rings\",\"url\":\"https:\/\/weingut-rings.de\/\",\"logo\":{\"@type\":\"ImageObject\",\"inLanguage\":\"en-US\",\"@id\":\"https:\/\/weingut-rings.de\/#\/schema\/logo\/image\/\",\"url\":\"https:\/\/weingut-rings.de\/wp-content\/uploads\/2019\/12\/logo.png\",\"contentUrl\":\"https:\/\/weingut-rings.de\/wp-content\/uploads\/2019\/12\/logo.png\",\"width\":2000,\"height\":2000,\"caption\":\"Weingut Rings\"},\"image\":{\"@id\":\"https:\/\/weingut-rings.de\/#\/schema\/logo\/image\/\"},\"sameAs\":[\"https:\/\/www.facebook.com\/Weingut.Rings\",\"https:\/\/www.instagram.com\/ringswein\/\"]}]}<\/script>\n","yoast_head_json":{"title":"Newsletter-Anmeldung Fachhandel &#8211; Weingut Rings","robots":{"index":"index","follow":"follow","max-snippet":"max-snippet:-1","max-image-preview":"max-image-preview:large","max-video-preview":"max-video-preview:-1"},"canonical":"https:\/\/weingut-rings.de\/newsletter-fachhandel\/","og_locale":"en_US","og_type":"article","og_title":"Newsletter-Anmeldung Fachhandel &#8211; Weingut Rings","og_url":"https:\/\/weingut-rings.de\/newsletter-fachhandel\/","og_site_name":"Weingut Rings","article_publisher":"https:\/\/www.facebook.com\/Weingut.Rings","article_modified_time":"2020-04-02T15:54:10+00:00","twitter_card":"summary_large_image","schema":{"@context":"https:\/\/schema.org","@graph":[{"@type":"WebPage","@id":"https:\/\/weingut-rings.de\/newsletter-fachhandel\/","url":"https:\/\/weingut-rings.de\/newsletter-fachhandel\/","name":"Newsletter-Anmeldung Fachhandel &#8211; Weingut Rings","isPartOf":{"@id":"https:\/\/weingut-rings.de\/#website"},"datePublished":"2020-04-02T15:27:35+00:00","dateModified":"2020-04-02T15:54:10+00:00","breadcrumb":{"@id":"https:\/\/weingut-rings.de\/newsletter-fachhandel\/#breadcrumb"},"inLanguage":"en-US","potentialAction":[{"@type":"ReadAction","target":["https:\/\/weingut-rings.de\/newsletter-fachhandel\/"]}]},{"@type":"BreadcrumbList","@id":"https:\/\/weingut-rings.de\/newsletter-fachhandel\/#breadcrumb","itemListElement":[{"@type":"ListItem","position":1,"name":"Startseite","item":"https:\/\/weingut-rings.de\/"},{"@type":"ListItem","position":2,"name":"Newsletter-Anmeldung Fachhandel"}]},{"@type":"WebSite","@id":"https:\/\/weingut-rings.de\/#website","url":"https:\/\/weingut-rings.de\/","name":"Weingut Rings","description":"Das Weingut Rings, seit 2015 Mitglied im VDP, wird von den Br\u00fcdern Steffen und Andreas gef\u00fchrt. Im Fokus steht der herkunftsgepr\u00e4gte Ausbau trockener Wei\u00df- und Rotweine aus renommierten Einzellagen rund um Freinsheim, Kallstadt, Ungstein und dem Berntal.","publisher":{"@id":"https:\/\/weingut-rings.de\/#organization"},"potentialAction":[{"@type":"SearchAction","target":{"@type":"EntryPoint","urlTemplate":"https:\/\/weingut-rings.de\/?s={search_term_string}"},"query-input":"required name=search_term_string"}],"inLanguage":"en-US"},{"@type":"Organization","@id":"https:\/\/weingut-rings.de\/#organization","name":"Weingut Rings","url":"https:\/\/weingut-rings.de\/","logo":{"@type":"ImageObject","inLanguage":"en-US","@id":"https:\/\/weingut-rings.de\/#\/schema\/logo\/image\/","url":"https:\/\/weingut-rings.de\/wp-content\/uploads\/2019\/12\/logo.png","contentUrl":"https:\/\/weingut-rings.de\/wp-content\/uploads\/2019\/12\/logo.png","width":2000,"height":2000,"caption":"Weingut Rings"},"image":{"@id":"https:\/\/weingut-rings.de\/#\/schema\/logo\/image\/"},"sameAs":["https:\/\/www.facebook.com\/Weingut.Rings","https:\/\/www.instagram.com\/ringswein\/"]}]}},"_links":{"self":[{"href":"https:\/\/weingut-rings.de\/en\/wp-json\/wp\/v2\/pages\/2416"}],"collection":[{"href":"https:\/\/weingut-rings.de\/en\/wp-json\/wp\/v2\/pages"}],"about":[{"href":"https:\/\/weingut-rings.de\/en\/wp-json\/wp\/v2\/types\/page"}],"author":[{"embeddable":true,"href":"https:\/\/weingut-rings.de\/en\/wp-json\/wp\/v2\/users\/1"}],"replies":[{"embeddable":true,"href":"https:\/\/weingut-rings.de\/en\/wp-json\/wp\/v2\/comments?post=2416"}],"version-history":[{"count":3,"href":"https:\/\/weingut-rings.de\/en\/wp-json\/wp\/v2\/pages\/2416\/revisions"}],"predecessor-version":[{"id":2432,"href":"https:\/\/weingut-rings.de\/en\/wp-json\/wp\/v2\/pages\/2416\/revisions\/2432"}],"wp:attachment":[{"href":"https:\/\/weingut-rings.de\/en\/wp-json\/wp\/v2\/media?parent=2416"}],"curies":[{"name":"wp","href":"https:\/\/api.w.org\/{rel}","templated":true}]}}